{"id":99,"date":"2019-10-21T12:21:32","date_gmt":"2019-10-21T10:21:32","guid":{"rendered":"https:\/\/teras-kari.fi?page_id=99"},"modified":"2022-02-15T14:25:57","modified_gmt":"2022-02-15T12:25:57","slug":"laserleikkaus","status":"publish","type":"page","link":"https:\/\/teras-kari.fi\/en\/laserleikkaus\/","title":{"rendered":"Laser cutting"},"content":{"rendered":"\t\t<div data-elementor-type=\"wp-page\" data-elementor-id=\"99\" class=\"elementor elementor-99\" data-elementor-post-type=\"page\">\n\t\t\t\t\t\t<section class=\"elementor-section elementor-top-section elementor-element elementor-element-11bda68 elementor-section-boxed elementor-section-height-default elementor-section-height-default\" data-id=\"11bda68\" data-element_type=\"section\" data-e-type=\"section\">\n\t\t\t\t\t\t<div class=\"elementor-container elementor-column-gap-default\">\n\t\t\t\t\t<div class=\"elementor-column elementor-col-100 elementor-top-column elementor-element elementor-element-06ca46d\" data-id=\"06ca46d\" data-element_type=\"column\" data-e-type=\"column\">\n\t\t\t<div class=\"elementor-widget-wrap elementor-element-populated\">\n\t\t\t\t\t\t\t<\/div>\n\t\t<\/div>\n\t\t\t\t\t<\/div>\n\t\t<\/section>\n\t\t\t\t<section class=\"elementor-section elementor-top-section elementor-element elementor-element-6e49a5d elementor-section-boxed elementor-section-height-default elementor-section-height-default\" data-id=\"6e49a5d\" data-element_type=\"section\" data-e-type=\"section\" data-settings=\"{&quot;background_background&quot;:&quot;slideshow&quot;,&quot;background_slideshow_gallery&quot;:[{&quot;id&quot;:140,&quot;url&quot;:&quot;https:\\\/\\\/teras-kari.fi\\\/wp-content\\\/uploads\\\/2019\\\/10\\\/Precision-Metalworks-Manufacturing-1.jpg&quot;}],&quot;shape_divider_bottom&quot;:&quot;opacity-tilt&quot;,&quot;shape_divider_top&quot;:&quot;opacity-tilt&quot;,&quot;background_slideshow_loop&quot;:&quot;yes&quot;,&quot;background_slideshow_slide_duration&quot;:5000,&quot;background_slideshow_slide_transition&quot;:&quot;fade&quot;,&quot;background_slideshow_transition_duration&quot;:500}\">\n\t\t\t\t\t\t\t<div class=\"elementor-background-overlay\"><\/div>\n\t\t\t\t\t\t<div class=\"elementor-shape elementor-shape-top\" aria-hidden=\"true\" data-negative=\"false\">\n\t\t\t<svg xmlns=\"http:\/\/www.w3.org\/2000\/svg\" viewBox=\"0 0 2600 131.1\" preserveAspectRatio=\"none\">\n\t<path class=\"elementor-shape-fill\" d=\"M0 0L2600 0 2600 69.1 0 0z\"\/>\n\t<path class=\"elementor-shape-fill\" style=\"opacity:0.5\" d=\"M0 0L2600 0 2600 69.1 0 69.1z\"\/>\n\t<path class=\"elementor-shape-fill\" style=\"opacity:0.25\" d=\"M2600 0L0 0 0 130.1 2600 69.1z\"\/>\n<\/svg>\t\t<\/div>\n\t\t\t\t<div class=\"elementor-shape elementor-shape-bottom\" aria-hidden=\"true\" data-negative=\"false\">\n\t\t\t<svg xmlns=\"http:\/\/www.w3.org\/2000\/svg\" viewBox=\"0 0 2600 131.1\" preserveAspectRatio=\"none\">\n\t<path class=\"elementor-shape-fill\" d=\"M0 0L2600 0 2600 69.1 0 0z\"\/>\n\t<path class=\"elementor-shape-fill\" style=\"opacity:0.5\" d=\"M0 0L2600 0 2600 69.1 0 69.1z\"\/>\n\t<path class=\"elementor-shape-fill\" style=\"opacity:0.25\" d=\"M2600 0L0 0 0 130.1 2600 69.1z\"\/>\n<\/svg>\t\t<\/div>\n\t\t\t\t\t<div class=\"elementor-container elementor-column-gap-default\">\n\t\t\t\t\t<div class=\"elementor-column elementor-col-100 elementor-top-column elementor-element elementor-element-25df035\" data-id=\"25df035\" data-element_type=\"column\" data-e-type=\"column\">\n\t\t\t<div class=\"elementor-widget-wrap elementor-element-populated\">\n\t\t\t\t\t\t<div class=\"elementor-element elementor-element-54fbde3 elementor-widget elementor-widget-heading\" data-id=\"54fbde3\" data-element_type=\"widget\" data-e-type=\"widget\" data-widget_type=\"heading.default\">\n\t\t\t\t<div class=\"elementor-widget-container\">\n\t\t\t\t\t<h2 class=\"elementor-heading-title elementor-size-large\">Laserleikkaus<\/h2>\t\t\t\t<\/div>\n\t\t\t\t<\/div>\n\t\t\t\t\t<\/div>\n\t\t<\/div>\n\t\t\t\t\t<\/div>\n\t\t<\/section>\n\t\t\t\t<section class=\"elementor-section elementor-top-section elementor-element elementor-element-a8d4f95 elementor-section-boxed elementor-section-height-default elementor-section-height-default\" data-id=\"a8d4f95\" data-element_type=\"section\" data-e-type=\"section\">\n\t\t\t\t\t\t<div class=\"elementor-container elementor-column-gap-default\">\n\t\t\t\t\t<div class=\"elementor-column elementor-col-100 elementor-top-column elementor-element elementor-element-cf8d5b0\" data-id=\"cf8d5b0\" data-element_type=\"column\" data-e-type=\"column\">\n\t\t\t<div class=\"elementor-widget-wrap elementor-element-populated\">\n\t\t\t\t\t\t<div class=\"elementor-element elementor-element-3e720ab elementor-widget elementor-widget-spacer\" data-id=\"3e720ab\" data-element_type=\"widget\" data-e-type=\"widget\" data-widget_type=\"spacer.default\">\n\t\t\t\t<div class=\"elementor-widget-container\">\n\t\t\t\t\t\t\t<div class=\"elementor-spacer\">\n\t\t\t<div class=\"elementor-spacer-inner\"><\/div>\n\t\t<\/div>\n\t\t\t\t\t\t<\/div>\n\t\t\t\t<\/div>\n\t\t\t\t\t<\/div>\n\t\t<\/div>\n\t\t\t\t\t<\/div>\n\t\t<\/section>\n\t\t\t\t<section class=\"elementor-section elementor-top-section elementor-element elementor-element-6fbecca elementor-section-boxed elementor-section-height-default elementor-section-height-default\" data-id=\"6fbecca\" data-element_type=\"section\" data-e-type=\"section\">\n\t\t\t\t\t\t<div class=\"elementor-container elementor-column-gap-default\">\n\t\t\t\t\t<div class=\"elementor-column elementor-col-50 elementor-top-column elementor-element elementor-element-142db9f\" data-id=\"142db9f\" data-element_type=\"column\" data-e-type=\"column\">\n\t\t\t<div class=\"elementor-widget-wrap elementor-element-populated\">\n\t\t\t\t\t\t<div class=\"elementor-element elementor-element-12ae8c9 elementor-widget elementor-widget-heading\" data-id=\"12ae8c9\" data-element_type=\"widget\" data-e-type=\"widget\" data-settings=\"{&quot;_animation&quot;:&quot;none&quot;}\" data-widget_type=\"heading.default\">\n\t\t\t\t<div class=\"elementor-widget-container\">\n\t\t\t\t\t<h2 class=\"elementor-heading-title elementor-size-default\">Laserleikkausta mittatilausty\u00f6n\u00e4<\/h2>\t\t\t\t<\/div>\n\t\t\t\t<\/div>\n\t\t\t\t<div class=\"elementor-element elementor-element-3f7a675 elementor-widget elementor-widget-text-editor\" data-id=\"3f7a675\" data-element_type=\"widget\" data-e-type=\"widget\" data-widget_type=\"text-editor.default\">\n\t\t\t\t<div class=\"elementor-widget-container\">\n\t\t\t\t\t\t\t\t\t<p>Teemme alihankintana my\u00f6s laser-leikkuuta mittojen mukaan, asiakkaan toiveiden mukaisesti.<\/p><ul><li>Hyv\u00e4 ja tasainen laatu<\/li><li>Tarkka ja siisti<\/li><li>Ter\u00e4s: 20mm<\/li><li>Rosteri: 12mm<\/li><li>Alumiini 8mm<\/li><\/ul>\t\t\t\t\t\t\t\t<\/div>\n\t\t\t\t<\/div>\n\t\t\t\t<div class=\"elementor-element elementor-element-a2f5cbc elementor-align-justify elementor-mobile-align-center .class-here1 elementor-widget elementor-widget-button\" data-id=\"a2f5cbc\" data-element_type=\"widget\" data-e-type=\"widget\" data-settings=\"{&quot;_animation&quot;:&quot;none&quot;}\" data-widget_type=\"button.default\">\n\t\t\t\t<div class=\"elementor-widget-container\">\n\t\t\t\t\t\t\t\t\t<div class=\"elementor-button-wrapper\">\n\t\t\t\t\t<a class=\"elementor-button elementor-button-link elementor-size-sm elementor-animation-grow\" href=\"#elementor-action%3Aaction%3Dpopup%3Aopen%26settings%3DeyJpZCI6IjI0MjQiLCJ0b2dnbGUiOmZhbHNlfQ%3D%3D\" target=\"_blank\" rel=\"nofollow\">\n\t\t\t\t\t\t<span class=\"elementor-button-content-wrapper\">\n\t\t\t\t\t\t\t\t\t<span class=\"elementor-button-text\">Kysy lis\u00e4\u00e4<\/span>\n\t\t\t\t\t<\/span>\n\t\t\t\t\t<\/a>\n\t\t\t\t<\/div>\n\t\t\t\t\t\t\t\t<\/div>\n\t\t\t\t<\/div>\n\t\t\t\t\t<\/div>\n\t\t<\/div>\n\t\t\t\t<div class=\"elementor-column elementor-col-50 elementor-top-column elementor-element elementor-element-cc4c856\" data-id=\"cc4c856\" data-element_type=\"column\" data-e-type=\"column\">\n\t\t\t<div class=\"elementor-widget-wrap elementor-element-populated\">\n\t\t\t\t\t\t<div class=\"elementor-element elementor-element-5ce9d7e elementor-widget elementor-widget-image\" data-id=\"5ce9d7e\" data-element_type=\"widget\" data-e-type=\"widget\" data-settings=\"{&quot;_animation&quot;:&quot;none&quot;}\" data-widget_type=\"image.default\">\n\t\t\t\t<div class=\"elementor-widget-container\">\n\t\t\t\t\t\t\t\t\t\t\t\t\t\t\t<img fetchpriority=\"high\" decoding=\"async\" width=\"872\" height=\"677\" src=\"https:\/\/teras-kari.fi\/wp-content\/uploads\/2020\/01\/matskutesti2.png\" class=\"attachment-full size-full wp-image-1805\" alt=\"\" srcset=\"https:\/\/teras-kari.fi\/wp-content\/uploads\/2020\/01\/matskutesti2.png 872w, https:\/\/teras-kari.fi\/wp-content\/uploads\/2020\/01\/matskutesti2-300x233.png 300w, https:\/\/teras-kari.fi\/wp-content\/uploads\/2020\/01\/matskutesti2-768x596.png 768w\" sizes=\"(max-width: 872px) 100vw, 872px\" \/>\t\t\t\t\t\t\t\t\t\t\t\t\t\t\t<\/div>\n\t\t\t\t<\/div>\n\t\t\t\t\t<\/div>\n\t\t<\/div>\n\t\t\t\t\t<\/div>\n\t\t<\/section>\n\t\t\t\t<section class=\"elementor-section elementor-top-section elementor-element elementor-element-98a3ff9 elementor-section-boxed elementor-section-height-default elementor-section-height-default\" data-id=\"98a3ff9\" data-element_type=\"section\" data-e-type=\"section\">\n\t\t\t\t\t\t<div class=\"elementor-container elementor-column-gap-default\">\n\t\t\t\t\t<div class=\"elementor-column elementor-col-100 elementor-top-column elementor-element elementor-element-a65f1c0\" data-id=\"a65f1c0\" data-element_type=\"column\" data-e-type=\"column\">\n\t\t\t<div class=\"elementor-widget-wrap elementor-element-populated\">\n\t\t\t\t\t\t<div class=\"elementor-element elementor-element-237fba3 elementor-widget elementor-widget-spacer\" data-id=\"237fba3\" data-element_type=\"widget\" data-e-type=\"widget\" data-widget_type=\"spacer.default\">\n\t\t\t\t<div class=\"elementor-widget-container\">\n\t\t\t\t\t\t\t<div class=\"elementor-spacer\">\n\t\t\t<div class=\"elementor-spacer-inner\"><\/div>\n\t\t<\/div>\n\t\t\t\t\t\t<\/div>\n\t\t\t\t<\/div>\n\t\t\t\t\t<\/div>\n\t\t<\/div>\n\t\t\t\t\t<\/div>\n\t\t<\/section>\n\t\t\t\t<section class=\"elementor-section elementor-top-section elementor-element elementor-element-7751bdeb elementor-section-boxed elementor-section-height-default elementor-section-height-default\" data-id=\"7751bdeb\" data-element_type=\"section\" data-e-type=\"section\" data-settings=\"{&quot;animation&quot;:&quot;none&quot;}\">\n\t\t\t\t\t\t<div class=\"elementor-container elementor-column-gap-default\">\n\t\t\t\t\t<div class=\"elementor-column elementor-col-33 elementor-top-column elementor-element elementor-element-606d309d\" data-id=\"606d309d\" data-element_type=\"column\" data-e-type=\"column\" data-settings=\"{&quot;animation&quot;:&quot;none&quot;}\">\n\t\t\t<div class=\"elementor-widget-wrap elementor-element-populated\">\n\t\t\t\t\t\t<div class=\"elementor-element elementor-element-333abbd6 elementor-view-default elementor-position-block-start elementor-mobile-position-block-start elementor-widget elementor-widget-icon-box\" data-id=\"333abbd6\" data-element_type=\"widget\" data-e-type=\"widget\" data-widget_type=\"icon-box.default\">\n\t\t\t\t<div class=\"elementor-widget-container\">\n\t\t\t\t\t\t\t<div class=\"elementor-icon-box-wrapper\">\n\n\t\t\t\t\t\t<div class=\"elementor-icon-box-icon\">\n\t\t\t\t<span  class=\"elementor-icon\">\n\t\t\t\t<i aria-hidden=\"true\" class=\"fas fa-map-marker-alt\"><\/i>\t\t\t\t<\/span>\n\t\t\t<\/div>\n\t\t\t\n\t\t\t\t\t\t<div class=\"elementor-icon-box-content\">\n\n\t\t\t\t\t\t\t\t\t<h3 class=\"elementor-icon-box-title\">\n\t\t\t\t\t\t<span  >\n\t\t\t\t\t\t\tOsoite\t\t\t\t\t\t<\/span>\n\t\t\t\t\t<\/h3>\n\t\t\t\t\n\t\t\t\t\t\t\t\t\t<p class=\"elementor-icon-box-description\">\n\t\t\t\t\t\tTilamme sijaitsevat Tuusulassa\n\t\t\t\t\t<\/p>\n\t\t\t\t\n\t\t\t<\/div>\n\t\t\t\n\t\t<\/div>\n\t\t\t\t\t\t<\/div>\n\t\t\t\t<\/div>\n\t\t\t\t<div class=\"elementor-element elementor-element-59e54a9a elementor-widget elementor-widget-heading\" data-id=\"59e54a9a\" data-element_type=\"widget\" data-e-type=\"widget\" data-widget_type=\"heading.default\">\n\t\t\t\t<div class=\"elementor-widget-container\">\n\t\t\t\t\t<p class=\"elementor-heading-title elementor-size-large\">Sulantie 15, Tuusula, Finland<\/p>\t\t\t\t<\/div>\n\t\t\t\t<\/div>\n\t\t\t\t\t<\/div>\n\t\t<\/div>\n\t\t\t\t<div class=\"elementor-column elementor-col-33 elementor-top-column elementor-element elementor-element-59711e39\" data-id=\"59711e39\" data-element_type=\"column\" data-e-type=\"column\" data-settings=\"{&quot;animation&quot;:&quot;none&quot;}\">\n\t\t\t<div class=\"elementor-widget-wrap elementor-element-populated\">\n\t\t\t\t\t\t<div class=\"elementor-element elementor-element-712c496e elementor-view-default elementor-position-block-start elementor-mobile-position-block-start elementor-widget elementor-widget-icon-box\" data-id=\"712c496e\" data-element_type=\"widget\" data-e-type=\"widget\" data-widget_type=\"icon-box.default\">\n\t\t\t\t<div class=\"elementor-widget-container\">\n\t\t\t\t\t\t\t<div class=\"elementor-icon-box-wrapper\">\n\n\t\t\t\t\t\t<div class=\"elementor-icon-box-icon\">\n\t\t\t\t<span  class=\"elementor-icon\">\n\t\t\t\t<i aria-hidden=\"true\" class=\"fas fa-phone\"><\/i>\t\t\t\t<\/span>\n\t\t\t<\/div>\n\t\t\t\n\t\t\t\t\t\t<div class=\"elementor-icon-box-content\">\n\n\t\t\t\t\t\t\t\t\t<h3 class=\"elementor-icon-box-title\">\n\t\t\t\t\t\t<span  >\n\t\t\t\t\t\t\tPuhelin\t\t\t\t\t\t<\/span>\n\t\t\t\t\t<\/h3>\n\t\t\t\t\n\t\t\t\t\t\t\t\t\t<p class=\"elementor-icon-box-description\">\n\t\t\t\t\t\tOnko sinulla kysymyksi\u00e4? Laita meille s\u00e4hk\u00f6postia tai soita numeroon:\t\t\t\t\t<\/p>\n\t\t\t\t\n\t\t\t<\/div>\n\t\t\t\n\t\t<\/div>\n\t\t\t\t\t\t<\/div>\n\t\t\t\t<\/div>\n\t\t\t\t<div class=\"elementor-element elementor-element-53e261a7 elementor-widget elementor-widget-heading\" data-id=\"53e261a7\" data-element_type=\"widget\" data-e-type=\"widget\" data-widget_type=\"heading.default\">\n\t\t\t\t<div class=\"elementor-widget-container\">\n\t\t\t\t\t<p class=\"elementor-heading-title elementor-size-large\">+358 9 275 4436<\/p>\t\t\t\t<\/div>\n\t\t\t\t<\/div>\n\t\t\t\t\t<\/div>\n\t\t<\/div>\n\t\t\t\t<div class=\"elementor-column elementor-col-33 elementor-top-column elementor-element elementor-element-6da125c4\" data-id=\"6da125c4\" data-element_type=\"column\" data-e-type=\"column\" data-settings=\"{&quot;animation&quot;:&quot;none&quot;}\">\n\t\t\t<div class=\"elementor-widget-wrap elementor-element-populated\">\n\t\t\t\t\t\t<div class=\"elementor-element elementor-element-4a092e03 elementor-view-default elementor-position-block-start elementor-mobile-position-block-start elementor-widget elementor-widget-icon-box\" data-id=\"4a092e03\" data-element_type=\"widget\" data-e-type=\"widget\" data-widget_type=\"icon-box.default\">\n\t\t\t\t<div class=\"elementor-widget-container\">\n\t\t\t\t\t\t\t<div class=\"elementor-icon-box-wrapper\">\n\n\t\t\t\t\t\t<div class=\"elementor-icon-box-icon\">\n\t\t\t\t<span  class=\"elementor-icon\">\n\t\t\t\t<i aria-hidden=\"true\" class=\"fas fa-mail-bulk\"><\/i>\t\t\t\t<\/span>\n\t\t\t<\/div>\n\t\t\t\n\t\t\t\t\t\t<div class=\"elementor-icon-box-content\">\n\n\t\t\t\t\t\t\t\t\t<h3 class=\"elementor-icon-box-title\">\n\t\t\t\t\t\t<span  >\n\t\t\t\t\t\t\tEmail\t\t\t\t\t\t<\/span>\n\t\t\t\t\t<\/h3>\n\t\t\t\t\n\t\t\t\t\t\t\t\t\t<p class=\"elementor-icon-box-description\">\n\t\t\t\t\t\tTilaukset, kyselyt, lis\u00e4tiedot. Laita meille s\u00e4hk\u00f6postia osoitteeseen:\n\t\t\t\t\t<\/p>\n\t\t\t\t\n\t\t\t<\/div>\n\t\t\t\n\t\t<\/div>\n\t\t\t\t\t\t<\/div>\n\t\t\t\t<\/div>\n\t\t\t\t<div class=\"elementor-element elementor-element-5f617ad4 elementor-widget elementor-widget-heading\" data-id=\"5f617ad4\" data-element_type=\"widget\" data-e-type=\"widget\" data-widget_type=\"heading.default\">\n\t\t\t\t<div class=\"elementor-widget-container\">\n\t\t\t\t\t<p class=\"elementor-heading-title elementor-size-large\">info@teras-kari.fi<\/p>\t\t\t\t<\/div>\n\t\t\t\t<\/div>\n\t\t\t\t\t<\/div>\n\t\t<\/div>\n\t\t\t\t\t<\/div>\n\t\t<\/section>\n\t\t\t\t<\/div>\n\t\t","protected":false},"excerpt":{"rendered":"<p>Laserleikkaus Laserleikkausta mittatilausty\u00f6n\u00e4 Teemme alihankintana my\u00f6s laser-leikkuuta mittojen mukaan, asiakkaan toiveiden mukaisesti. Hyv\u00e4 ja tasainen laatu Tarkka ja siisti Ter\u00e4s: 20mm Rosteri: 12mm Alumiini 8mm Kysy lis\u00e4\u00e4 Osoite Tilamme sijaitsevat Tuusulassa Sulantie 15, Tuusula, Finland Puhelin Onko sinulla kysymyksi\u00e4? Laita meille s\u00e4hk\u00f6postia tai soita numeroon: +358 9 275 4436 Email Tilaukset, kyselyt, lis\u00e4tiedot. Laita meille [&hellip;]<\/p>\n","protected":false},"author":1,"featured_media":0,"parent":0,"menu_order":0,"comment_status":"closed","ping_status":"closed","template":"","meta":{"footnotes":""},"class_list":["post-99","page","type-page","status-publish","hentry","entry"],"yoast_head":"<!-- This site is optimized with the Yoast SEO plugin v27.5 - https:\/\/yoast.com\/product\/yoast-seo-wordpress\/ -->\n<title>Laserleikkaus - Ter\u00e4s-Kari<\/title>\n<meta name=\"description\" content=\"Ter\u00e4s-Kari\" \/>\n<meta name=\"robots\" content=\"index, follow, max-snippet:-1, max-image-preview:large, max-video-preview:-1\" \/>\n<link rel=\"canonical\" href=\"https:\/\/teras-kari.fi\/en\/laserleikkaus\/\" \/>\n<meta property=\"og:locale\" content=\"en_GB\" \/>\n<meta property=\"og:type\" content=\"article\" \/>\n<meta property=\"og:title\" content=\"Laserleikkaus - Ter\u00e4s-Kari\" \/>\n<meta property=\"og:description\" content=\"Ter\u00e4s-Kari\" \/>\n<meta property=\"og:url\" content=\"https:\/\/teras-kari.fi\/en\/laserleikkaus\/\" \/>\n<meta property=\"og:site_name\" content=\"Ter\u00e4s-Kari\" \/>\n<meta property=\"article:modified_time\" content=\"2022-02-15T12:25:57+00:00\" \/>\n<meta property=\"og:image\" content=\"https:\/\/teras-kari.fi\/wp-content\/uploads\/2020\/01\/matskutesti2.png\" \/>\n<meta name=\"twitter:card\" content=\"summary_large_image\" \/>\n<script type=\"application\/ld+json\" class=\"yoast-schema-graph\">{\"@context\":\"https:\\\/\\\/schema.org\",\"@graph\":[{\"@type\":\"WebPage\",\"@id\":\"https:\\\/\\\/teras-kari.fi\\\/laserleikkaus\\\/\",\"url\":\"https:\\\/\\\/teras-kari.fi\\\/laserleikkaus\\\/\",\"name\":\"Laserleikkaus - Ter\u00e4s-Kari\",\"isPartOf\":{\"@id\":\"https:\\\/\\\/teras-kari.fi\\\/#website\"},\"primaryImageOfPage\":{\"@id\":\"https:\\\/\\\/teras-kari.fi\\\/laserleikkaus\\\/#primaryimage\"},\"image\":{\"@id\":\"https:\\\/\\\/teras-kari.fi\\\/laserleikkaus\\\/#primaryimage\"},\"thumbnailUrl\":\"https:\\\/\\\/teras-kari.fi\\\/wp-content\\\/uploads\\\/2020\\\/01\\\/matskutesti2.png\",\"datePublished\":\"2019-10-21T10:21:32+00:00\",\"dateModified\":\"2022-02-15T12:25:57+00:00\",\"description\":\"Ter\u00e4s-Kari\",\"breadcrumb\":{\"@id\":\"https:\\\/\\\/teras-kari.fi\\\/laserleikkaus\\\/#breadcrumb\"},\"inLanguage\":\"en-GB\",\"potentialAction\":[{\"@type\":\"ReadAction\",\"target\":[\"https:\\\/\\\/teras-kari.fi\\\/laserleikkaus\\\/\"]}]},{\"@type\":\"ImageObject\",\"inLanguage\":\"en-GB\",\"@id\":\"https:\\\/\\\/teras-kari.fi\\\/laserleikkaus\\\/#primaryimage\",\"url\":\"https:\\\/\\\/teras-kari.fi\\\/wp-content\\\/uploads\\\/2020\\\/01\\\/matskutesti2.png\",\"contentUrl\":\"https:\\\/\\\/teras-kari.fi\\\/wp-content\\\/uploads\\\/2020\\\/01\\\/matskutesti2.png\"},{\"@type\":\"BreadcrumbList\",\"@id\":\"https:\\\/\\\/teras-kari.fi\\\/laserleikkaus\\\/#breadcrumb\",\"itemListElement\":[{\"@type\":\"ListItem\",\"position\":1,\"name\":\"Home\",\"item\":\"https:\\\/\\\/teras-kari.fi\\\/\"},{\"@type\":\"ListItem\",\"position\":2,\"name\":\"Laserleikkaus\"}]},{\"@type\":\"WebSite\",\"@id\":\"https:\\\/\\\/teras-kari.fi\\\/#website\",\"url\":\"https:\\\/\\\/teras-kari.fi\\\/\",\"name\":\"Ter\u00e4s-Kari\",\"description\":\"Magnets for concrete element production and more!\",\"publisher\":{\"@id\":\"https:\\\/\\\/teras-kari.fi\\\/#organization\"},\"potentialAction\":[{\"@type\":\"SearchAction\",\"target\":{\"@type\":\"EntryPoint\",\"urlTemplate\":\"https:\\\/\\\/teras-kari.fi\\\/?s={search_term_string}\"},\"query-input\":{\"@type\":\"PropertyValueSpecification\",\"valueRequired\":true,\"valueName\":\"search_term_string\"}}],\"inLanguage\":\"en-GB\"},{\"@type\":\"Organization\",\"@id\":\"https:\\\/\\\/teras-kari.fi\\\/#organization\",\"name\":\"Ter\u00e4s-Kari\",\"url\":\"https:\\\/\\\/teras-kari.fi\\\/\",\"logo\":{\"@type\":\"ImageObject\",\"inLanguage\":\"en-GB\",\"@id\":\"https:\\\/\\\/teras-kari.fi\\\/#\\\/schema\\\/logo\\\/image\\\/\",\"url\":\"https:\\\/\\\/teras-kari.fi\\\/wp-content\\\/uploads\\\/2019\\\/10\\\/TerasKari_logo_yellow_rgb-e1571741052106.png\",\"contentUrl\":\"https:\\\/\\\/teras-kari.fi\\\/wp-content\\\/uploads\\\/2019\\\/10\\\/TerasKari_logo_yellow_rgb-e1571741052106.png\",\"width\":4253,\"height\":1434,\"caption\":\"Ter\u00e4s-Kari\"},\"image\":{\"@id\":\"https:\\\/\\\/teras-kari.fi\\\/#\\\/schema\\\/logo\\\/image\\\/\"}}]}<\/script>\n<!-- \/ Yoast SEO plugin. -->","yoast_head_json":{"title":"Laserleikkaus - Ter\u00e4s-Kari","description":"Ter\u00e4s-Kari","robots":{"index":"index","follow":"follow","max-snippet":"max-snippet:-1","max-image-preview":"max-image-preview:large","max-video-preview":"max-video-preview:-1"},"canonical":"https:\/\/teras-kari.fi\/en\/laserleikkaus\/","og_locale":"en_GB","og_type":"article","og_title":"Laserleikkaus - Ter\u00e4s-Kari","og_description":"Ter\u00e4s-Kari","og_url":"https:\/\/teras-kari.fi\/en\/laserleikkaus\/","og_site_name":"Ter\u00e4s-Kari","article_modified_time":"2022-02-15T12:25:57+00:00","og_image":[{"url":"https:\/\/teras-kari.fi\/wp-content\/uploads\/2020\/01\/matskutesti2.png","type":"","width":"","height":""}],"twitter_card":"summary_large_image","schema":{"@context":"https:\/\/schema.org","@graph":[{"@type":"WebPage","@id":"https:\/\/teras-kari.fi\/laserleikkaus\/","url":"https:\/\/teras-kari.fi\/laserleikkaus\/","name":"Laserleikkaus - Ter\u00e4s-Kari","isPartOf":{"@id":"https:\/\/teras-kari.fi\/#website"},"primaryImageOfPage":{"@id":"https:\/\/teras-kari.fi\/laserleikkaus\/#primaryimage"},"image":{"@id":"https:\/\/teras-kari.fi\/laserleikkaus\/#primaryimage"},"thumbnailUrl":"https:\/\/teras-kari.fi\/wp-content\/uploads\/2020\/01\/matskutesti2.png","datePublished":"2019-10-21T10:21:32+00:00","dateModified":"2022-02-15T12:25:57+00:00","description":"Ter\u00e4s-Kari","breadcrumb":{"@id":"https:\/\/teras-kari.fi\/laserleikkaus\/#breadcrumb"},"inLanguage":"en-GB","potentialAction":[{"@type":"ReadAction","target":["https:\/\/teras-kari.fi\/laserleikkaus\/"]}]},{"@type":"ImageObject","inLanguage":"en-GB","@id":"https:\/\/teras-kari.fi\/laserleikkaus\/#primaryimage","url":"https:\/\/teras-kari.fi\/wp-content\/uploads\/2020\/01\/matskutesti2.png","contentUrl":"https:\/\/teras-kari.fi\/wp-content\/uploads\/2020\/01\/matskutesti2.png"},{"@type":"BreadcrumbList","@id":"https:\/\/teras-kari.fi\/laserleikkaus\/#breadcrumb","itemListElement":[{"@type":"ListItem","position":1,"name":"Home","item":"https:\/\/teras-kari.fi\/"},{"@type":"ListItem","position":2,"name":"Laserleikkaus"}]},{"@type":"WebSite","@id":"https:\/\/teras-kari.fi\/#website","url":"https:\/\/teras-kari.fi\/","name":"Ter\u00e4s-Kari","description":"Magnets for concrete element production and more!","publisher":{"@id":"https:\/\/teras-kari.fi\/#organization"},"potentialAction":[{"@type":"SearchAction","target":{"@type":"EntryPoint","urlTemplate":"https:\/\/teras-kari.fi\/?s={search_term_string}"},"query-input":{"@type":"PropertyValueSpecification","valueRequired":true,"valueName":"search_term_string"}}],"inLanguage":"en-GB"},{"@type":"Organization","@id":"https:\/\/teras-kari.fi\/#organization","name":"Ter\u00e4s-Kari","url":"https:\/\/teras-kari.fi\/","logo":{"@type":"ImageObject","inLanguage":"en-GB","@id":"https:\/\/teras-kari.fi\/#\/schema\/logo\/image\/","url":"https:\/\/teras-kari.fi\/wp-content\/uploads\/2019\/10\/TerasKari_logo_yellow_rgb-e1571741052106.png","contentUrl":"https:\/\/teras-kari.fi\/wp-content\/uploads\/2019\/10\/TerasKari_logo_yellow_rgb-e1571741052106.png","width":4253,"height":1434,"caption":"Ter\u00e4s-Kari"},"image":{"@id":"https:\/\/teras-kari.fi\/#\/schema\/logo\/image\/"}}]}},"_links":{"self":[{"href":"https:\/\/teras-kari.fi\/en\/wp-json\/wp\/v2\/pages\/99","targetHints":{"allow":["GET"]}}],"collection":[{"href":"https:\/\/teras-kari.fi\/en\/wp-json\/wp\/v2\/pages"}],"about":[{"href":"https:\/\/teras-kari.fi\/en\/wp-json\/wp\/v2\/types\/page"}],"author":[{"embeddable":true,"href":"https:\/\/teras-kari.fi\/en\/wp-json\/wp\/v2\/users\/1"}],"replies":[{"embeddable":true,"href":"https:\/\/teras-kari.fi\/en\/wp-json\/wp\/v2\/comments?post=99"}],"version-history":[{"count":20,"href":"https:\/\/teras-kari.fi\/en\/wp-json\/wp\/v2\/pages\/99\/revisions"}],"predecessor-version":[{"id":3710,"href":"https:\/\/teras-kari.fi\/en\/wp-json\/wp\/v2\/pages\/99\/revisions\/3710"}],"wp:attachment":[{"href":"https:\/\/teras-kari.fi\/en\/wp-json\/wp\/v2\/media?parent=99"}],"curies":[{"name":"wp","href":"https:\/\/api.w.org\/{rel}","templated":true}]}}