{"id":97,"date":"2019-10-21T12:21:21","date_gmt":"2019-10-21T12:21:21","guid":{"rendered":"https:\/\/teras-kari.fi?page_id=97"},"modified":"2022-02-15T14:29:53","modified_gmt":"2022-02-15T12:29:53","slug":"about","status":"publish","type":"page","link":"https:\/\/teras-kari.fi\/en\/about\/","title":{"rendered":"About Us"},"content":{"rendered":"<div data-elementor-type=\"wp-page\" data-elementor-id=\"97\" class=\"elementor elementor-97\" data-elementor-post-type=\"page\">\n\t\t\t\t\t\t<section class=\"elementor-section elementor-top-section elementor-element elementor-element-be5237f elementor-section-boxed elementor-section-height-default elementor-section-height-default\" data-id=\"be5237f\" data-element_type=\"section\" data-e-type=\"section\">\n\t\t\t\t\t\t<div class=\"elementor-container elementor-column-gap-default\">\n\t\t\t\t\t<div class=\"elementor-column elementor-col-100 elementor-top-column elementor-element elementor-element-c6275f2\" data-id=\"c6275f2\" data-element_type=\"column\" data-e-type=\"column\">\n\t\t\t<div class=\"elementor-widget-wrap elementor-element-populated\">\n\t\t\t\t\t\t<div class=\"elementor-element elementor-element-4d3b386 elementor-widget elementor-widget-spacer\" data-id=\"4d3b386\" data-element_type=\"widget\" data-e-type=\"widget\" data-widget_type=\"spacer.default\">\n\t\t\t\t<div class=\"elementor-widget-container\">\n\t\t\t\t\t\t\t<div class=\"elementor-spacer\">\n\t\t\t<div class=\"elementor-spacer-inner\"><\/div>\n\t\t<\/div>\n\t\t\t\t\t\t<\/div>\n\t\t\t\t<\/div>\n\t\t\t\t\t<\/div>\n\t\t<\/div>\n\t\t\t\t\t<\/div>\n\t\t<\/section>\n\t\t\t\t<section class=\"elementor-section elementor-top-section elementor-element elementor-element-bf9c29f elementor-section-boxed elementor-section-height-default elementor-section-height-default\" data-id=\"bf9c29f\" data-element_type=\"section\" data-e-type=\"section\" data-settings=\"{&quot;background_background&quot;:&quot;classic&quot;,&quot;shape_divider_bottom&quot;:&quot;opacity-tilt&quot;,&quot;shape_divider_top&quot;:&quot;opacity-tilt&quot;}\">\n\t\t\t\t\t\t\t<div class=\"elementor-background-overlay\"><\/div>\n\t\t\t\t\t\t<div class=\"elementor-shape elementor-shape-top\" aria-hidden=\"true\" data-negative=\"false\">\n\t\t\t<svg xmlns=\"http:\/\/www.w3.org\/2000\/svg\" viewbox=\"0 0 2600 131.1\" preserveaspectratio=\"none\">\n\t<path class=\"elementor-shape-fill\" d=\"M0 0L2600 0 2600 69.1 0 0z\"\/>\n\t<path class=\"elementor-shape-fill\" style=\"opacity:0.5\" d=\"M0 0L2600 0 2600 69.1 0 69.1z\"\/>\n\t<path class=\"elementor-shape-fill\" style=\"opacity:0.25\" d=\"M2600 0L0 0 0 130.1 2600 69.1z\"\/>\n<\/svg>\t\t<\/div>\n\t\t\t\t<div class=\"elementor-shape elementor-shape-bottom\" aria-hidden=\"true\" data-negative=\"false\">\n\t\t\t<svg xmlns=\"http:\/\/www.w3.org\/2000\/svg\" viewbox=\"0 0 2600 131.1\" preserveaspectratio=\"none\">\n\t<path class=\"elementor-shape-fill\" d=\"M0 0L2600 0 2600 69.1 0 0z\"\/>\n\t<path class=\"elementor-shape-fill\" style=\"opacity:0.5\" d=\"M0 0L2600 0 2600 69.1 0 69.1z\"\/>\n\t<path class=\"elementor-shape-fill\" style=\"opacity:0.25\" d=\"M2600 0L0 0 0 130.1 2600 69.1z\"\/>\n<\/svg>\t\t<\/div>\n\t\t\t\t\t<div class=\"elementor-container elementor-column-gap-default\">\n\t\t\t\t\t<div class=\"elementor-column elementor-col-100 elementor-top-column elementor-element elementor-element-ab6c6f8\" data-id=\"ab6c6f8\" data-element_type=\"column\" data-e-type=\"column\">\n\t\t\t<div class=\"elementor-widget-wrap elementor-element-populated\">\n\t\t\t\t\t\t<div class=\"elementor-element elementor-element-6da146f elementor-widget elementor-widget-heading\" data-id=\"6da146f\" data-element_type=\"widget\" data-e-type=\"widget\" data-widget_type=\"heading.default\">\n\t\t\t\t<div class=\"elementor-widget-container\">\n\t\t\t\t\t<h2 class=\"elementor-heading-title elementor-size-large\">About Us<\/h2>\t\t\t\t<\/div>\n\t\t\t\t<\/div>\n\t\t\t\t\t<\/div>\n\t\t<\/div>\n\t\t\t\t\t<\/div>\n\t\t<\/section>\n\t\t\t\t<section class=\"elementor-section elementor-top-section elementor-element elementor-element-2e077a5 elementor-section-boxed elementor-section-height-default elementor-section-height-default\" data-id=\"2e077a5\" data-element_type=\"section\" data-e-type=\"section\">\n\t\t\t\t\t\t<div class=\"elementor-container elementor-column-gap-default\">\n\t\t\t\t\t<div class=\"elementor-column elementor-col-100 elementor-top-column elementor-element elementor-element-6f75e2e\" data-id=\"6f75e2e\" data-element_type=\"column\" data-e-type=\"column\">\n\t\t\t<div class=\"elementor-widget-wrap elementor-element-populated\">\n\t\t\t\t\t\t<div class=\"elementor-element elementor-element-9c506bb elementor-widget elementor-widget-image\" data-id=\"9c506bb\" data-element_type=\"widget\" data-e-type=\"widget\" data-settings=\"{&quot;_animation&quot;:&quot;none&quot;}\" data-widget_type=\"image.default\">\n\t\t\t\t<div class=\"elementor-widget-container\">\n\t\t\t\t\t\t\t\t\t\t\t\t\t\t\t<img fetchpriority=\"high\" decoding=\"async\" width=\"1024\" height=\"77\" src=\"https:\/\/teras-kari.fi\/wp-content\/uploads\/2019\/10\/TerasKari_text_gray_rgb-1024x77.png\" class=\"attachment-large size-large wp-image-150\" alt=\"\" srcset=\"https:\/\/teras-kari.fi\/wp-content\/uploads\/2019\/10\/TerasKari_text_gray_rgb-1024x77.png 1024w, https:\/\/teras-kari.fi\/wp-content\/uploads\/2019\/10\/TerasKari_text_gray_rgb-300x23.png 300w, https:\/\/teras-kari.fi\/wp-content\/uploads\/2019\/10\/TerasKari_text_gray_rgb-768x58.png 768w\" sizes=\"(max-width: 1024px) 100vw, 1024px\" \/>\t\t\t\t\t\t\t\t\t\t\t\t\t\t\t<\/div>\n\t\t\t\t<\/div>\n\t\t\t\t\t<\/div>\n\t\t<\/div>\n\t\t\t\t\t<\/div>\n\t\t<\/section>\n\t\t\t\t<section class=\"elementor-section elementor-top-section elementor-element elementor-element-5fb4171 elementor-section-boxed elementor-section-height-default elementor-section-height-default\" data-id=\"5fb4171\" data-element_type=\"section\" data-e-type=\"section\" data-settings=\"{&quot;background_background&quot;:&quot;gradient&quot;}\">\n\t\t\t\t\t\t\t<div class=\"elementor-background-overlay\"><\/div>\n\t\t\t\t\t\t\t<div class=\"elementor-container elementor-column-gap-default\">\n\t\t\t\t\t<div class=\"elementor-column elementor-col-100 elementor-top-column elementor-element elementor-element-a151d04\" data-id=\"a151d04\" data-element_type=\"column\" data-e-type=\"column\">\n\t\t\t<div class=\"elementor-widget-wrap elementor-element-populated\">\n\t\t\t\t\t\t<div class=\"elementor-element elementor-element-59199b4 elementor-widget elementor-widget-text-editor\" data-id=\"59199b4\" data-element_type=\"widget\" data-e-type=\"widget\" data-widget_type=\"text-editor.default\">\n\t\t\t\t<div class=\"elementor-widget-container\">\n\t\t\t\t\t\t\t\t\t<p><span style=\"color: #333333; font-family: Arial, sans-serif; font-size: 14pt;\">Ter\u00e4s-Kari Oy was founded in 1979 and we are based in Tuusula, Finland. <\/span><span style=\"font-style: normal; font-variant-ligatures: normal; font-variant-caps: normal; font-weight: 400; color: #333333; font-family: Arial, sans-serif; font-size: 14pt;\">We develop and manufacture magnets for the needs of precast concrete industry. <\/span><span style=\"font-style: normal; font-variant-ligatures: normal; font-variant-caps: normal; font-weight: 400; color: #333333; font-family: Arial, sans-serif; font-size: 14pt;\">We have also been making manhole cover lifters for over 20 years now.<br \/><\/span><span style=\"color: #333333; font-family: Arial, sans-serif; font-size: 14pt; font-style: normal; font-variant-ligatures: normal; font-variant-caps: normal; font-weight: 400; letter-spacing: 0px; background-color: transparent;\">Manhole cover lifters are used by a wide range of different fields of work<\/span><\/p><p style=\"color: #000000; font-family: 'Myriad Pro'; font-size: 12px; font-style: normal; font-variant-ligatures: normal; font-variant-caps: normal; font-weight: 400; line-height: 19.2pt;\"><span style=\"color: #333333; font-family: Arial, sans-serif; font-size: 14pt;\">In addition to our product line we also design and manufacture custom products according to our customers' needs.<br \/><\/span><span style=\"color: #333333; font-family: Arial, sans-serif; font-size: 14pt;\">We also do laser cutting with a 2D-laser for our own needs but also for our customers' needs.\u00a0<br \/><\/span><span style=\"color: #333333; font-family: Arial, sans-serif; font-size: 14pt; letter-spacing: 0px; background-color: transparent;\">\u00a0Our business idea is to seek out, develop and produce the best possible products and solutions <br \/>in co-operation with our customers to find the best solutions for each customer. <br \/>Our expertise, experience and continuous R&amp;D work help us provide our customers with <br \/>products of exceptional quality and practicality while still being cost-effective.<\/span><\/p><p style=\"color: #000000; font-family: 'Myriad Pro'; font-size: 12px; font-style: normal; font-variant-ligatures: normal; font-variant-caps: normal; font-weight: 400; line-height: 19.2pt;\">\u00a0<\/p>\t\t\t\t\t\t\t\t<\/div>\n\t\t\t\t<\/div>\n\t\t\t\t<div class=\"elementor-element elementor-element-7023be2 elementor-widget elementor-widget-heading\" data-id=\"7023be2\" data-element_type=\"widget\" data-e-type=\"widget\" data-widget_type=\"heading.default\">\n\t\t\t\t<div class=\"elementor-widget-container\">\n\t\t\t\t\t<h2 class=\"elementor-heading-title elementor-size-default\">\"Ter\u00e4s-Kari, The Name of Quality\"<\/h2>\t\t\t\t<\/div>\n\t\t\t\t<\/div>\n\t\t\t\t\t<\/div>\n\t\t<\/div>\n\t\t\t\t\t<\/div>\n\t\t<\/section>\n\t\t\t\t<section class=\"elementor-section elementor-top-section elementor-element elementor-element-d32dd53 elementor-section-boxed elementor-section-height-default elementor-section-height-default\" data-id=\"d32dd53\" data-element_type=\"section\" data-e-type=\"section\">\n\t\t\t\t\t\t<div class=\"elementor-container elementor-column-gap-default\">\n\t\t\t\t\t<div class=\"elementor-column elementor-col-33 elementor-top-column elementor-element elementor-element-32cb69d6\" data-id=\"32cb69d6\" data-element_type=\"column\" data-e-type=\"column\">\n\t\t\t<div class=\"elementor-widget-wrap elementor-element-populated\">\n\t\t\t\t\t\t<div class=\"elementor-element elementor-element-1028cf75 elementor-view-default elementor-position-block-start elementor-mobile-position-block-start elementor-widget elementor-widget-icon-box\" data-id=\"1028cf75\" data-element_type=\"widget\" data-e-type=\"widget\" data-widget_type=\"icon-box.default\">\n\t\t\t\t<div class=\"elementor-widget-container\">\n\t\t\t\t\t\t\t<div class=\"elementor-icon-box-wrapper\">\n\n\t\t\t\t\t\t<div class=\"elementor-icon-box-icon\">\n\t\t\t\t<span  class=\"elementor-icon\">\n\t\t\t\t<i aria-hidden=\"true\" class=\"fas fa-map-marker-alt\"><\/i>\t\t\t\t<\/span>\n\t\t\t<\/div>\n\t\t\t\n\t\t\t\t\t\t<div class=\"elementor-icon-box-content\">\n\n\t\t\t\t\t\t\t\t\t<h3 class=\"elementor-icon-box-title\">\n\t\t\t\t\t\t<span  >\n\t\t\t\t\t\t\tAddress\t\t\t\t\t\t<\/span>\n\t\t\t\t\t<\/h3>\n\t\t\t\t\n\t\t\t\t\t\t\t\t\t<p class=\"elementor-icon-box-description\">\n\t\t\t\t\t\tWe are based in Tuusula, Finland\n\t\t\t\t\t<\/p>\n\t\t\t\t\n\t\t\t<\/div>\n\t\t\t\n\t\t<\/div>\n\t\t\t\t\t\t<\/div>\n\t\t\t\t<\/div>\n\t\t\t\t<div class=\"elementor-element elementor-element-14056f8d elementor-widget elementor-widget-heading\" data-id=\"14056f8d\" data-element_type=\"widget\" data-e-type=\"widget\" data-widget_type=\"heading.default\">\n\t\t\t\t<div class=\"elementor-widget-container\">\n\t\t\t\t\t<p class=\"elementor-heading-title elementor-size-large\">Sulantie 15, Tuusula, Finland<\/p>\t\t\t\t<\/div>\n\t\t\t\t<\/div>\n\t\t\t\t\t<\/div>\n\t\t<\/div>\n\t\t\t\t<div class=\"elementor-column elementor-col-33 elementor-top-column elementor-element elementor-element-2610b34c\" data-id=\"2610b34c\" data-element_type=\"column\" data-e-type=\"column\">\n\t\t\t<div class=\"elementor-widget-wrap elementor-element-populated\">\n\t\t\t\t\t\t<div class=\"elementor-element elementor-element-36b3bc2c elementor-view-default elementor-position-block-start elementor-mobile-position-block-start elementor-widget elementor-widget-icon-box\" data-id=\"36b3bc2c\" data-element_type=\"widget\" data-e-type=\"widget\" data-widget_type=\"icon-box.default\">\n\t\t\t\t<div class=\"elementor-widget-container\">\n\t\t\t\t\t\t\t<div class=\"elementor-icon-box-wrapper\">\n\n\t\t\t\t\t\t<div class=\"elementor-icon-box-icon\">\n\t\t\t\t<span  class=\"elementor-icon\">\n\t\t\t\t<i aria-hidden=\"true\" class=\"fas fa-phone\"><\/i>\t\t\t\t<\/span>\n\t\t\t<\/div>\n\t\t\t\n\t\t\t\t\t\t<div class=\"elementor-icon-box-content\">\n\n\t\t\t\t\t\t\t\t\t<h3 class=\"elementor-icon-box-title\">\n\t\t\t\t\t\t<span  >\n\t\t\t\t\t\t\tCall Us\t\t\t\t\t\t<\/span>\n\t\t\t\t\t<\/h3>\n\t\t\t\t\n\t\t\t\t\t\t\t\t\t<p class=\"elementor-icon-box-description\">\n\t\t\t\t\t\tDo you have any questions? Send us email or give us a call:\t\t\t\t\t<\/p>\n\t\t\t\t\n\t\t\t<\/div>\n\t\t\t\n\t\t<\/div>\n\t\t\t\t\t\t<\/div>\n\t\t\t\t<\/div>\n\t\t\t\t<div class=\"elementor-element elementor-element-6e6c889b elementor-widget elementor-widget-heading\" data-id=\"6e6c889b\" data-element_type=\"widget\" data-e-type=\"widget\" data-widget_type=\"heading.default\">\n\t\t\t\t<div class=\"elementor-widget-container\">\n\t\t\t\t\t<p class=\"elementor-heading-title elementor-size-large\">+358 9 275 4436<\/p>\t\t\t\t<\/div>\n\t\t\t\t<\/div>\n\t\t\t\t\t<\/div>\n\t\t<\/div>\n\t\t\t\t<div class=\"elementor-column elementor-col-33 elementor-top-column elementor-element elementor-element-6bed2249\" data-id=\"6bed2249\" data-element_type=\"column\" data-e-type=\"column\">\n\t\t\t<div class=\"elementor-widget-wrap elementor-element-populated\">\n\t\t\t\t\t\t<div class=\"elementor-element elementor-element-53220272 elementor-view-default elementor-position-block-start elementor-mobile-position-block-start elementor-widget elementor-widget-icon-box\" data-id=\"53220272\" data-element_type=\"widget\" data-e-type=\"widget\" data-widget_type=\"icon-box.default\">\n\t\t\t\t<div class=\"elementor-widget-container\">\n\t\t\t\t\t\t\t<div class=\"elementor-icon-box-wrapper\">\n\n\t\t\t\t\t\t<div class=\"elementor-icon-box-icon\">\n\t\t\t\t<span  class=\"elementor-icon\">\n\t\t\t\t<i aria-hidden=\"true\" class=\"fas fa-mail-bulk\"><\/i>\t\t\t\t<\/span>\n\t\t\t<\/div>\n\t\t\t\n\t\t\t\t\t\t<div class=\"elementor-icon-box-content\">\n\n\t\t\t\t\t\t\t\t\t<h3 class=\"elementor-icon-box-title\">\n\t\t\t\t\t\t<span  >\n\t\t\t\t\t\t\tEmail\t\t\t\t\t\t<\/span>\n\t\t\t\t\t<\/h3>\n\t\t\t\t\n\t\t\t\t\t\t\t\t\t<p class=\"elementor-icon-box-description\">\n\t\t\t\t\t\tEmail us for orders, inquiries or details\n\t\t\t\t\t<\/p>\n\t\t\t\t\n\t\t\t<\/div>\n\t\t\t\n\t\t<\/div>\n\t\t\t\t\t\t<\/div>\n\t\t\t\t<\/div>\n\t\t\t\t<div class=\"elementor-element elementor-element-5ec7fb60 elementor-widget elementor-widget-heading\" data-id=\"5ec7fb60\" data-element_type=\"widget\" data-e-type=\"widget\" data-widget_type=\"heading.default\">\n\t\t\t\t<div class=\"elementor-widget-container\">\n\t\t\t\t\t<p class=\"elementor-heading-title elementor-size-large\">info@teras-kari.fi<\/p>\t\t\t\t<\/div>\n\t\t\t\t<\/div>\n\t\t\t\t\t<\/div>\n\t\t<\/div>\n\t\t\t\t\t<\/div>\n\t\t<\/section>\n\t\t\t\t<\/div>","protected":false},"excerpt":{"rendered":"<p>Yritys Ter\u00e4s-Kari Oy on vuonna 1979 perustettu yritys, toimimme omassa 2000m\u00b2 tehdastilassa Tuusulan Hyryl\u00e4ss\u00e4. Kehit\u00e4mme ja valmistamme betonielementtiteollisuudelle valuprosessin tehostamiseen kiinnitys- ja asennusmagneetteja, kumi- ja ter\u00e4smagneettilistoja ja ter\u00e4slistoja. Kaivonkannen nostomagneetteja olemme valmistaneet jo yli 20 vuotta. Niit\u00e4 k\u00e4ytt\u00e4v\u00e4t mm. vesilaitokset, loka-auto-yritykset ja kunnallistekniikan ty\u00f6ntekij\u00e4t- ja pelastushenkil\u00f6st\u00f6. Vakiomallien lis\u00e4ksi suunnittelemme ja valmistamme r\u00e4\u00e4t\u00e4l\u00f6ityj\u00e4 tuotteita asiakkaidemme tarpeisiin. [&hellip;]<\/p>\n","protected":false},"author":1,"featured_media":0,"parent":0,"menu_order":0,"comment_status":"closed","ping_status":"closed","template":"","meta":{"footnotes":""},"class_list":["post-97","page","type-page","status-publish","hentry","entry"],"yoast_head":"<!-- This site is optimized with the Yoast SEO plugin v27.5 - https:\/\/yoast.com\/product\/yoast-seo-wordpress\/ -->\n<title>Yritys - Ter\u00e4s-Kari<\/title>\n<meta name=\"description\" content=\"Ter\u00e4s-Kari\" \/>\n<meta name=\"robots\" content=\"index, follow, max-snippet:-1, max-image-preview:large, max-video-preview:-1\" \/>\n<link rel=\"canonical\" href=\"https:\/\/teras-kari.fi\/en\/about\/\" \/>\n<meta property=\"og:locale\" content=\"en_GB\" \/>\n<meta property=\"og:type\" content=\"article\" \/>\n<meta property=\"og:title\" content=\"Yritys - Ter\u00e4s-Kari\" \/>\n<meta property=\"og:description\" content=\"Ter\u00e4s-Kari\" \/>\n<meta property=\"og:url\" content=\"https:\/\/teras-kari.fi\/en\/about\/\" \/>\n<meta property=\"og:site_name\" content=\"Ter\u00e4s-Kari\" \/>\n<meta property=\"article:modified_time\" content=\"2022-02-15T12:29:53+00:00\" \/>\n<meta property=\"og:image\" content=\"https:\/\/teras-kari.fi\/wp-content\/uploads\/2019\/10\/TerasKari_text_gray_rgb-1024x77.png\" \/>\n<meta name=\"twitter:card\" content=\"summary_large_image\" \/>\n<meta name=\"twitter:label1\" content=\"Estimated reading time\" \/>\n\t<meta name=\"twitter:data1\" content=\"1 minute\" \/>\n<script type=\"application\/ld+json\" class=\"yoast-schema-graph\">{\"@context\":\"https:\\\/\\\/schema.org\",\"@graph\":[{\"@type\":\"WebPage\",\"@id\":\"https:\\\/\\\/teras-kari.fi\\\/about\\\/\",\"url\":\"https:\\\/\\\/teras-kari.fi\\\/about\\\/\",\"name\":\"Yritys - Ter\u00e4s-Kari\",\"isPartOf\":{\"@id\":\"https:\\\/\\\/teras-kari.fi\\\/#website\"},\"primaryImageOfPage\":{\"@id\":\"https:\\\/\\\/teras-kari.fi\\\/about\\\/#primaryimage\"},\"image\":{\"@id\":\"https:\\\/\\\/teras-kari.fi\\\/about\\\/#primaryimage\"},\"thumbnailUrl\":\"https:\\\/\\\/teras-kari.fi\\\/wp-content\\\/uploads\\\/2019\\\/10\\\/TerasKari_text_gray_rgb-1024x77.png\",\"datePublished\":\"2019-10-21T12:21:21+00:00\",\"dateModified\":\"2022-02-15T12:29:53+00:00\",\"description\":\"Ter\u00e4s-Kari\",\"breadcrumb\":{\"@id\":\"https:\\\/\\\/teras-kari.fi\\\/about\\\/#breadcrumb\"},\"inLanguage\":\"en-GB\",\"potentialAction\":[{\"@type\":\"ReadAction\",\"target\":[\"https:\\\/\\\/teras-kari.fi\\\/about\\\/\"]}]},{\"@type\":\"ImageObject\",\"inLanguage\":\"en-GB\",\"@id\":\"https:\\\/\\\/teras-kari.fi\\\/about\\\/#primaryimage\",\"url\":\"https:\\\/\\\/teras-kari.fi\\\/wp-content\\\/uploads\\\/2019\\\/10\\\/TerasKari_text_gray_rgb-1024x77.png\",\"contentUrl\":\"https:\\\/\\\/teras-kari.fi\\\/wp-content\\\/uploads\\\/2019\\\/10\\\/TerasKari_text_gray_rgb-1024x77.png\"},{\"@type\":\"BreadcrumbList\",\"@id\":\"https:\\\/\\\/teras-kari.fi\\\/about\\\/#breadcrumb\",\"itemListElement\":[{\"@type\":\"ListItem\",\"position\":1,\"name\":\"Home\",\"item\":\"https:\\\/\\\/teras-kari.fi\\\/\"},{\"@type\":\"ListItem\",\"position\":2,\"name\":\"Yritys\"}]},{\"@type\":\"WebSite\",\"@id\":\"https:\\\/\\\/teras-kari.fi\\\/#website\",\"url\":\"https:\\\/\\\/teras-kari.fi\\\/\",\"name\":\"Ter\u00e4s-Kari\",\"description\":\"Magnets for concrete element production and more!\",\"publisher\":{\"@id\":\"https:\\\/\\\/teras-kari.fi\\\/#organization\"},\"potentialAction\":[{\"@type\":\"SearchAction\",\"target\":{\"@type\":\"EntryPoint\",\"urlTemplate\":\"https:\\\/\\\/teras-kari.fi\\\/?s={search_term_string}\"},\"query-input\":{\"@type\":\"PropertyValueSpecification\",\"valueRequired\":true,\"valueName\":\"search_term_string\"}}],\"inLanguage\":\"en-GB\"},{\"@type\":\"Organization\",\"@id\":\"https:\\\/\\\/teras-kari.fi\\\/#organization\",\"name\":\"Ter\u00e4s-Kari\",\"url\":\"https:\\\/\\\/teras-kari.fi\\\/\",\"logo\":{\"@type\":\"ImageObject\",\"inLanguage\":\"en-GB\",\"@id\":\"https:\\\/\\\/teras-kari.fi\\\/#\\\/schema\\\/logo\\\/image\\\/\",\"url\":\"https:\\\/\\\/teras-kari.fi\\\/wp-content\\\/uploads\\\/2019\\\/10\\\/TerasKari_logo_yellow_rgb-e1571741052106.png\",\"contentUrl\":\"https:\\\/\\\/teras-kari.fi\\\/wp-content\\\/uploads\\\/2019\\\/10\\\/TerasKari_logo_yellow_rgb-e1571741052106.png\",\"width\":4253,\"height\":1434,\"caption\":\"Ter\u00e4s-Kari\"},\"image\":{\"@id\":\"https:\\\/\\\/teras-kari.fi\\\/#\\\/schema\\\/logo\\\/image\\\/\"}}]}<\/script>\n<!-- \/ Yoast SEO plugin. -->","yoast_head_json":{"title":"Yritys - Ter\u00e4s-Kari","description":"Ter\u00e4s-Kari","robots":{"index":"index","follow":"follow","max-snippet":"max-snippet:-1","max-image-preview":"max-image-preview:large","max-video-preview":"max-video-preview:-1"},"canonical":"https:\/\/teras-kari.fi\/en\/about\/","og_locale":"en_GB","og_type":"article","og_title":"Yritys - Ter\u00e4s-Kari","og_description":"Ter\u00e4s-Kari","og_url":"https:\/\/teras-kari.fi\/en\/about\/","og_site_name":"Ter\u00e4s-Kari","article_modified_time":"2022-02-15T12:29:53+00:00","og_image":[{"url":"https:\/\/teras-kari.fi\/wp-content\/uploads\/2019\/10\/TerasKari_text_gray_rgb-1024x77.png","type":"","width":"","height":""}],"twitter_card":"summary_large_image","twitter_misc":{"Estimated reading time":"1 minute"},"schema":{"@context":"https:\/\/schema.org","@graph":[{"@type":"WebPage","@id":"https:\/\/teras-kari.fi\/about\/","url":"https:\/\/teras-kari.fi\/about\/","name":"Yritys - Ter\u00e4s-Kari","isPartOf":{"@id":"https:\/\/teras-kari.fi\/#website"},"primaryImageOfPage":{"@id":"https:\/\/teras-kari.fi\/about\/#primaryimage"},"image":{"@id":"https:\/\/teras-kari.fi\/about\/#primaryimage"},"thumbnailUrl":"https:\/\/teras-kari.fi\/wp-content\/uploads\/2019\/10\/TerasKari_text_gray_rgb-1024x77.png","datePublished":"2019-10-21T12:21:21+00:00","dateModified":"2022-02-15T12:29:53+00:00","description":"Ter\u00e4s-Kari","breadcrumb":{"@id":"https:\/\/teras-kari.fi\/about\/#breadcrumb"},"inLanguage":"en-GB","potentialAction":[{"@type":"ReadAction","target":["https:\/\/teras-kari.fi\/about\/"]}]},{"@type":"ImageObject","inLanguage":"en-GB","@id":"https:\/\/teras-kari.fi\/about\/#primaryimage","url":"https:\/\/teras-kari.fi\/wp-content\/uploads\/2019\/10\/TerasKari_text_gray_rgb-1024x77.png","contentUrl":"https:\/\/teras-kari.fi\/wp-content\/uploads\/2019\/10\/TerasKari_text_gray_rgb-1024x77.png"},{"@type":"BreadcrumbList","@id":"https:\/\/teras-kari.fi\/about\/#breadcrumb","itemListElement":[{"@type":"ListItem","position":1,"name":"Home","item":"https:\/\/teras-kari.fi\/"},{"@type":"ListItem","position":2,"name":"Yritys"}]},{"@type":"WebSite","@id":"https:\/\/teras-kari.fi\/#website","url":"https:\/\/teras-kari.fi\/","name":"Ter\u00e4s-Kari","description":"Magnets for concrete element production and more!","publisher":{"@id":"https:\/\/teras-kari.fi\/#organization"},"potentialAction":[{"@type":"SearchAction","target":{"@type":"EntryPoint","urlTemplate":"https:\/\/teras-kari.fi\/?s={search_term_string}"},"query-input":{"@type":"PropertyValueSpecification","valueRequired":true,"valueName":"search_term_string"}}],"inLanguage":"en-GB"},{"@type":"Organization","@id":"https:\/\/teras-kari.fi\/#organization","name":"Ter\u00e4s-Kari","url":"https:\/\/teras-kari.fi\/","logo":{"@type":"ImageObject","inLanguage":"en-GB","@id":"https:\/\/teras-kari.fi\/#\/schema\/logo\/image\/","url":"https:\/\/teras-kari.fi\/wp-content\/uploads\/2019\/10\/TerasKari_logo_yellow_rgb-e1571741052106.png","contentUrl":"https:\/\/teras-kari.fi\/wp-content\/uploads\/2019\/10\/TerasKari_logo_yellow_rgb-e1571741052106.png","width":4253,"height":1434,"caption":"Ter\u00e4s-Kari"},"image":{"@id":"https:\/\/teras-kari.fi\/#\/schema\/logo\/image\/"}}]}},"_links":{"self":[{"href":"https:\/\/teras-kari.fi\/en\/wp-json\/wp\/v2\/pages\/97","targetHints":{"allow":["GET"]}}],"collection":[{"href":"https:\/\/teras-kari.fi\/en\/wp-json\/wp\/v2\/pages"}],"about":[{"href":"https:\/\/teras-kari.fi\/en\/wp-json\/wp\/v2\/types\/page"}],"author":[{"embeddable":true,"href":"https:\/\/teras-kari.fi\/en\/wp-json\/wp\/v2\/users\/1"}],"replies":[{"embeddable":true,"href":"https:\/\/teras-kari.fi\/en\/wp-json\/wp\/v2\/comments?post=97"}],"version-history":[{"count":20,"href":"https:\/\/teras-kari.fi\/en\/wp-json\/wp\/v2\/pages\/97\/revisions"}],"predecessor-version":[{"id":3714,"href":"https:\/\/teras-kari.fi\/en\/wp-json\/wp\/v2\/pages\/97\/revisions\/3714"}],"wp:attachment":[{"href":"https:\/\/teras-kari.fi\/en\/wp-json\/wp\/v2\/media?parent=97"}],"curies":[{"name":"wp","href":"https:\/\/api.w.org\/{rel}","templated":true}]}}