{"id":395,"date":"2019-10-24T11:24:55","date_gmt":"2019-10-24T11:24:55","guid":{"rendered":"https:\/\/teras-kari.fi?page_id=395"},"modified":"2021-02-05T15:38:55","modified_gmt":"2021-02-05T13:38:55","slug":"kaivonkansimagneetit","status":"publish","type":"page","link":"https:\/\/teras-kari.fi\/en\/muut-magneetit\/kaivonkansimagneetit\/","title":{"rendered":"Manhole Cover Lifters"},"content":{"rendered":"\t\t<div data-elementor-type=\"wp-page\" data-elementor-id=\"395\" class=\"elementor elementor-395\" data-elementor-post-type=\"page\">\n\t\t\t\t\t\t<section class=\"elementor-section elementor-top-section elementor-element elementor-element-45c4bfe elementor-section-boxed elementor-section-height-default elementor-section-height-default\" data-id=\"45c4bfe\" data-element_type=\"section\" data-e-type=\"section\">\n\t\t\t\t\t\t<div class=\"elementor-container elementor-column-gap-default\">\n\t\t\t\t\t<div class=\"elementor-column elementor-col-100 elementor-top-column elementor-element elementor-element-f4c12f3\" data-id=\"f4c12f3\" data-element_type=\"column\" data-e-type=\"column\">\n\t\t\t<div class=\"elementor-widget-wrap elementor-element-populated\">\n\t\t\t\t\t\t<div class=\"elementor-element elementor-element-79d4079 elementor-widget elementor-widget-spacer\" data-id=\"79d4079\" data-element_type=\"widget\" data-e-type=\"widget\" data-widget_type=\"spacer.default\">\n\t\t\t\t<div class=\"elementor-widget-container\">\n\t\t\t\t\t\t\t<div class=\"elementor-spacer\">\n\t\t\t<div class=\"elementor-spacer-inner\"><\/div>\n\t\t<\/div>\n\t\t\t\t\t\t<\/div>\n\t\t\t\t<\/div>\n\t\t\t\t\t<\/div>\n\t\t<\/div>\n\t\t\t\t\t<\/div>\n\t\t<\/section>\n\t\t\t\t<section class=\"elementor-section elementor-top-section elementor-element elementor-element-1ad4901 elementor-section-boxed elementor-section-height-default elementor-section-height-default\" data-id=\"1ad4901\" data-element_type=\"section\" data-e-type=\"section\" data-settings=\"{&quot;background_background&quot;:&quot;slideshow&quot;,&quot;background_slideshow_gallery&quot;:[{&quot;id&quot;:668,&quot;url&quot;:&quot;https:\\\/\\\/teras-kari.fi\\\/wp-content\\\/uploads\\\/2019\\\/11\\\/turvakenk\u00e4-ja-nostari-1-e1572595259139.jpg&quot;}],&quot;shape_divider_bottom&quot;:&quot;opacity-tilt&quot;,&quot;shape_divider_top&quot;:&quot;opacity-tilt&quot;,&quot;background_slideshow_loop&quot;:&quot;yes&quot;,&quot;background_slideshow_slide_duration&quot;:5000,&quot;background_slideshow_slide_transition&quot;:&quot;fade&quot;,&quot;background_slideshow_transition_duration&quot;:500}\">\n\t\t\t\t\t\t\t<div class=\"elementor-background-overlay\"><\/div>\n\t\t\t\t\t\t<div class=\"elementor-shape elementor-shape-top\" aria-hidden=\"true\" data-negative=\"false\">\n\t\t\t<svg xmlns=\"http:\/\/www.w3.org\/2000\/svg\" viewBox=\"0 0 2600 131.1\" preserveAspectRatio=\"none\">\n\t<path class=\"elementor-shape-fill\" d=\"M0 0L2600 0 2600 69.1 0 0z\"\/>\n\t<path class=\"elementor-shape-fill\" style=\"opacity:0.5\" d=\"M0 0L2600 0 2600 69.1 0 69.1z\"\/>\n\t<path class=\"elementor-shape-fill\" style=\"opacity:0.25\" d=\"M2600 0L0 0 0 130.1 2600 69.1z\"\/>\n<\/svg>\t\t<\/div>\n\t\t\t\t<div class=\"elementor-shape elementor-shape-bottom\" aria-hidden=\"true\" data-negative=\"false\">\n\t\t\t<svg xmlns=\"http:\/\/www.w3.org\/2000\/svg\" viewBox=\"0 0 2600 131.1\" preserveAspectRatio=\"none\">\n\t<path class=\"elementor-shape-fill\" d=\"M0 0L2600 0 2600 69.1 0 0z\"\/>\n\t<path class=\"elementor-shape-fill\" style=\"opacity:0.5\" d=\"M0 0L2600 0 2600 69.1 0 69.1z\"\/>\n\t<path class=\"elementor-shape-fill\" style=\"opacity:0.25\" d=\"M2600 0L0 0 0 130.1 2600 69.1z\"\/>\n<\/svg>\t\t<\/div>\n\t\t\t\t\t<div class=\"elementor-container elementor-column-gap-default\">\n\t\t\t\t\t<div class=\"elementor-column elementor-col-100 elementor-top-column elementor-element elementor-element-f08d221\" data-id=\"f08d221\" data-element_type=\"column\" data-e-type=\"column\">\n\t\t\t<div class=\"elementor-widget-wrap elementor-element-populated\">\n\t\t\t\t\t\t<div class=\"elementor-element elementor-element-37b307b elementor-widget elementor-widget-heading\" data-id=\"37b307b\" data-element_type=\"widget\" data-e-type=\"widget\" data-widget_type=\"heading.default\">\n\t\t\t\t<div class=\"elementor-widget-container\">\n\t\t\t\t\t<h2 class=\"elementor-heading-title elementor-size-large\">Kaivonkannen Nostomagneetit<\/h2>\t\t\t\t<\/div>\n\t\t\t\t<\/div>\n\t\t\t\t\t<\/div>\n\t\t<\/div>\n\t\t\t\t\t<\/div>\n\t\t<\/section>\n\t\t\t\t<section class=\"elementor-section elementor-top-section elementor-element elementor-element-6b84bd16 elementor-section-height-min-height elementor-section-content-middle elementor-reverse-mobile elementor-section-boxed elementor-section-height-default elementor-section-items-middle\" data-id=\"6b84bd16\" data-element_type=\"section\" data-e-type=\"section\" data-settings=\"{&quot;background_background&quot;:&quot;classic&quot;}\">\n\t\t\t\t\t\t<div class=\"elementor-container elementor-column-gap-no\">\n\t\t\t\t\t<div class=\"elementor-column elementor-col-50 elementor-top-column elementor-element elementor-element-281407fa\" data-id=\"281407fa\" data-element_type=\"column\" data-e-type=\"column\">\n\t\t\t<div class=\"elementor-widget-wrap elementor-element-populated\">\n\t\t\t\t\t\t<div class=\"elementor-element elementor-element-72a5895 elementor-widget elementor-widget-heading\" data-id=\"72a5895\" data-element_type=\"widget\" data-e-type=\"widget\" data-widget_type=\"heading.default\">\n\t\t\t\t<div class=\"elementor-widget-container\">\n\t\t\t\t\t<h2 class=\"elementor-heading-title elementor-size-default\">KN700-Magneetti<\/h2>\t\t\t\t<\/div>\n\t\t\t\t<\/div>\n\t\t\t\t<div class=\"elementor-element elementor-element-46d18b8f elementor-widget elementor-widget-text-editor\" data-id=\"46d18b8f\" data-element_type=\"widget\" data-e-type=\"widget\" data-widget_type=\"text-editor.default\">\n\t\t\t\t<div class=\"elementor-widget-container\">\n\t\t\t\t\t\t\t\t\t<ul><li>Teleskooppivarrellinen magneetti kaivonkansien nostamista varten<\/li><li>Sis\u00e4lt\u00e4\u00e4 kumisuojan &amp; puhdistuslevyn<\/li><li>Saatavilla my\u00f6s taittuvilla kahvoilla<\/li><\/ul>\t\t\t\t\t\t\t\t<\/div>\n\t\t\t\t<\/div>\n\t\t\t\t<div class=\"elementor-element elementor-element-6a8dc113 elementor-align-justify elementor-mobile-align-center elementor-widget elementor-widget-button\" data-id=\"6a8dc113\" data-element_type=\"widget\" data-e-type=\"widget\" data-widget_type=\"button.default\">\n\t\t\t\t<div class=\"elementor-widget-container\">\n\t\t\t\t\t\t\t\t\t<div class=\"elementor-button-wrapper\">\n\t\t\t\t\t<a class=\"elementor-button elementor-button-link elementor-size-sm elementor-animation-grow\" href=\"#elementor-action%3Aaction%3Dpopup%3Aopen%26settings%3DeyJpZCI6IjI0MjQiLCJ0b2dnbGUiOmZhbHNlfQ%3D%3D\" target=\"_blank\">\n\t\t\t\t\t\t<span class=\"elementor-button-content-wrapper\">\n\t\t\t\t\t\t\t\t\t<span class=\"elementor-button-text\">Kysy lis\u00e4\u00e4<\/span>\n\t\t\t\t\t<\/span>\n\t\t\t\t\t<\/a>\n\t\t\t\t<\/div>\n\t\t\t\t\t\t\t\t<\/div>\n\t\t\t\t<\/div>\n\t\t\t\t\t<\/div>\n\t\t<\/div>\n\t\t\t\t<div class=\"elementor-column elementor-col-50 elementor-top-column elementor-element elementor-element-449bcd2f\" data-id=\"449bcd2f\" data-element_type=\"column\" data-e-type=\"column\">\n\t\t\t<div class=\"elementor-widget-wrap elementor-element-populated\">\n\t\t\t\t\t\t<div class=\"elementor-element elementor-element-47b85ba5 elementor-widget elementor-widget-image\" data-id=\"47b85ba5\" data-element_type=\"widget\" data-e-type=\"widget\" data-widget_type=\"image.default\">\n\t\t\t\t<div class=\"elementor-widget-container\">\n\t\t\t\t\t\t\t\t\t\t\t\t\t\t\t<img fetchpriority=\"high\" decoding=\"async\" width=\"1800\" height=\"1012\" src=\"https:\/\/teras-kari.fi\/wp-content\/uploads\/2020\/02\/vraykn700v2-1.png\" class=\"attachment-full size-full wp-image-1969\" alt=\"\" srcset=\"https:\/\/teras-kari.fi\/wp-content\/uploads\/2020\/02\/vraykn700v2-1.png 1800w, https:\/\/teras-kari.fi\/wp-content\/uploads\/2020\/02\/vraykn700v2-1-300x169.png 300w, https:\/\/teras-kari.fi\/wp-content\/uploads\/2020\/02\/vraykn700v2-1-1024x576.png 1024w, https:\/\/teras-kari.fi\/wp-content\/uploads\/2020\/02\/vraykn700v2-1-768x432.png 768w, https:\/\/teras-kari.fi\/wp-content\/uploads\/2020\/02\/vraykn700v2-1-1536x864.png 1536w\" sizes=\"(max-width: 1800px) 100vw, 1800px\" \/>\t\t\t\t\t\t\t\t\t\t\t\t\t\t\t<\/div>\n\t\t\t\t<\/div>\n\t\t\t\t\t<\/div>\n\t\t<\/div>\n\t\t\t\t\t<\/div>\n\t\t<\/section>\n\t\t\t\t<section class=\"elementor-section elementor-top-section elementor-element elementor-element-579bc1e elementor-section-height-min-height elementor-section-content-middle elementor-reverse-mobile elementor-section-boxed elementor-section-height-default elementor-section-items-middle\" data-id=\"579bc1e\" data-element_type=\"section\" data-e-type=\"section\" data-settings=\"{&quot;background_background&quot;:&quot;classic&quot;}\">\n\t\t\t\t\t\t<div class=\"elementor-container elementor-column-gap-no\">\n\t\t\t\t\t<div class=\"elementor-column elementor-col-50 elementor-top-column elementor-element elementor-element-0ba2a7d\" data-id=\"0ba2a7d\" data-element_type=\"column\" data-e-type=\"column\">\n\t\t\t<div class=\"elementor-widget-wrap elementor-element-populated\">\n\t\t\t\t\t\t<div class=\"elementor-element elementor-element-5908700 elementor-widget elementor-widget-heading\" data-id=\"5908700\" data-element_type=\"widget\" data-e-type=\"widget\" data-widget_type=\"heading.default\">\n\t\t\t\t<div class=\"elementor-widget-container\">\n\t\t\t\t\t<h2 class=\"elementor-heading-title elementor-size-default\">KN1600-Magneetti<\/h2>\t\t\t\t<\/div>\n\t\t\t\t<\/div>\n\t\t\t\t<div class=\"elementor-element elementor-element-01f796a elementor-widget elementor-widget-text-editor\" data-id=\"01f796a\" data-element_type=\"widget\" data-e-type=\"widget\" data-widget_type=\"text-editor.default\">\n\t\t\t\t<div class=\"elementor-widget-container\">\n\t\t\t\t\t\t\t\t\t<ul><li>Teleskooppivarrellinen magneetti kaivonkansien nostamista varten<\/li><li>Tehokkaampi malli<\/li><li>Pituus 740mm (kokoontaitettuna 480mm)<\/li><li>Sis\u00e4lt\u00e4\u00e4 kumisuojan &amp; puhdistuslevyn<\/li><li>Saatavilla my\u00f6s taittuvilla kahvoilla<\/li><li>Saatavilla my\u00f6s 1-2 nostajalle tarkoitettu, leve\u00e4mmill\u00e4 kahvoilla varustettu malli suuria kansia varten<\/li><\/ul>\t\t\t\t\t\t\t\t<\/div>\n\t\t\t\t<\/div>\n\t\t\t\t<div class=\"elementor-element elementor-element-3ee0dcc elementor-align-justify elementor-mobile-align-center elementor-widget elementor-widget-button\" data-id=\"3ee0dcc\" data-element_type=\"widget\" data-e-type=\"widget\" data-widget_type=\"button.default\">\n\t\t\t\t<div class=\"elementor-widget-container\">\n\t\t\t\t\t\t\t\t\t<div class=\"elementor-button-wrapper\">\n\t\t\t\t\t<a class=\"elementor-button elementor-button-link elementor-size-sm elementor-animation-grow\" href=\"#elementor-action%3Aaction%3Dpopup%3Aopen%26settings%3DeyJpZCI6IjI0MjQiLCJ0b2dnbGUiOmZhbHNlfQ%3D%3D\">\n\t\t\t\t\t\t<span class=\"elementor-button-content-wrapper\">\n\t\t\t\t\t\t\t\t\t<span class=\"elementor-button-text\">Kysy lis\u00e4\u00e4<\/span>\n\t\t\t\t\t<\/span>\n\t\t\t\t\t<\/a>\n\t\t\t\t<\/div>\n\t\t\t\t\t\t\t\t<\/div>\n\t\t\t\t<\/div>\n\t\t\t\t\t<\/div>\n\t\t<\/div>\n\t\t\t\t<div class=\"elementor-column elementor-col-50 elementor-top-column elementor-element elementor-element-c27a0bf\" data-id=\"c27a0bf\" data-element_type=\"column\" data-e-type=\"column\">\n\t\t\t<div class=\"elementor-widget-wrap elementor-element-populated\">\n\t\t\t\t\t\t<div class=\"elementor-element elementor-element-86eff2f elementor-widget elementor-widget-image\" data-id=\"86eff2f\" data-element_type=\"widget\" data-e-type=\"widget\" data-widget_type=\"image.default\">\n\t\t\t\t<div class=\"elementor-widget-container\">\n\t\t\t\t\t\t\t\t\t\t\t\t\t\t\t<img decoding=\"async\" width=\"1800\" height=\"1012\" src=\"https:\/\/teras-kari.fi\/wp-content\/uploads\/2020\/02\/vray1600v3.png\" class=\"attachment-full size-full wp-image-1966\" alt=\"\" srcset=\"https:\/\/teras-kari.fi\/wp-content\/uploads\/2020\/02\/vray1600v3.png 1800w, https:\/\/teras-kari.fi\/wp-content\/uploads\/2020\/02\/vray1600v3-300x169.png 300w, https:\/\/teras-kari.fi\/wp-content\/uploads\/2020\/02\/vray1600v3-1024x576.png 1024w, https:\/\/teras-kari.fi\/wp-content\/uploads\/2020\/02\/vray1600v3-768x432.png 768w, https:\/\/teras-kari.fi\/wp-content\/uploads\/2020\/02\/vray1600v3-1536x864.png 1536w\" sizes=\"(max-width: 1800px) 100vw, 1800px\" \/>\t\t\t\t\t\t\t\t\t\t\t\t\t\t\t<\/div>\n\t\t\t\t<\/div>\n\t\t\t\t\t<\/div>\n\t\t<\/div>\n\t\t\t\t\t<\/div>\n\t\t<\/section>\n\t\t\t\t<section class=\"elementor-section elementor-top-section elementor-element elementor-element-4fd859c elementor-section-height-min-height elementor-section-content-middle elementor-reverse-mobile elementor-section-boxed elementor-section-height-default elementor-section-items-middle\" data-id=\"4fd859c\" data-element_type=\"section\" data-e-type=\"section\" data-settings=\"{&quot;background_background&quot;:&quot;classic&quot;}\">\n\t\t\t\t\t\t<div class=\"elementor-container elementor-column-gap-no\">\n\t\t\t\t\t<div class=\"elementor-column elementor-col-50 elementor-top-column elementor-element elementor-element-0a75a18\" data-id=\"0a75a18\" data-element_type=\"column\" data-e-type=\"column\">\n\t\t\t<div class=\"elementor-widget-wrap elementor-element-populated\">\n\t\t\t\t\t\t<div class=\"elementor-element elementor-element-4e16321 elementor-widget elementor-widget-heading\" data-id=\"4e16321\" data-element_type=\"widget\" data-e-type=\"widget\" data-widget_type=\"heading.default\">\n\t\t\t\t<div class=\"elementor-widget-container\">\n\t\t\t\t\t<h2 class=\"elementor-heading-title elementor-size-default\">Nostokoukku<\/h2>\t\t\t\t<\/div>\n\t\t\t\t<\/div>\n\t\t\t\t<div class=\"elementor-element elementor-element-ab273bd elementor-widget elementor-widget-text-editor\" data-id=\"ab273bd\" data-element_type=\"widget\" data-e-type=\"widget\" data-widget_type=\"text-editor.default\">\n\t\t\t\t<div class=\"elementor-widget-container\">\n\t\t\t\t\t\t\t\t\t<ul><li>Lujaa ter\u00e4st\u00e4<\/li><li>Saatavilla my\u00f6s sinkittyn\u00e4 &amp; kaiverrettuna<\/li><li>15cm<\/li><li>25cm<\/li><li>35cm<\/li><\/ul>\t\t\t\t\t\t\t\t<\/div>\n\t\t\t\t<\/div>\n\t\t\t\t<div class=\"elementor-element elementor-element-e01d600 elementor-align-justify elementor-mobile-align-center elementor-widget elementor-widget-button\" data-id=\"e01d600\" data-element_type=\"widget\" data-e-type=\"widget\" data-widget_type=\"button.default\">\n\t\t\t\t<div class=\"elementor-widget-container\">\n\t\t\t\t\t\t\t\t\t<div class=\"elementor-button-wrapper\">\n\t\t\t\t\t<a class=\"elementor-button elementor-button-link elementor-size-sm elementor-animation-grow\" href=\"#elementor-action%3Aaction%3Dpopup%3Aopen%26settings%3DeyJpZCI6IjI0MjQiLCJ0b2dnbGUiOmZhbHNlfQ%3D%3D\">\n\t\t\t\t\t\t<span class=\"elementor-button-content-wrapper\">\n\t\t\t\t\t\t\t\t\t<span class=\"elementor-button-text\">Kysy lis\u00e4\u00e4<\/span>\n\t\t\t\t\t<\/span>\n\t\t\t\t\t<\/a>\n\t\t\t\t<\/div>\n\t\t\t\t\t\t\t\t<\/div>\n\t\t\t\t<\/div>\n\t\t\t\t\t<\/div>\n\t\t<\/div>\n\t\t\t\t<div class=\"elementor-column elementor-col-50 elementor-top-column elementor-element elementor-element-c1c99f1\" data-id=\"c1c99f1\" data-element_type=\"column\" data-e-type=\"column\">\n\t\t\t<div class=\"elementor-widget-wrap elementor-element-populated\">\n\t\t\t\t\t\t<div class=\"elementor-element elementor-element-8ff7975 elementor-widget elementor-widget-image\" data-id=\"8ff7975\" data-element_type=\"widget\" data-e-type=\"widget\" data-widget_type=\"image.default\">\n\t\t\t\t<div class=\"elementor-widget-container\">\n\t\t\t\t\t\t\t\t\t\t\t\t\t\t\t<img decoding=\"async\" width=\"300\" height=\"297\" src=\"https:\/\/teras-kari.fi\/wp-content\/uploads\/2020\/01\/irrotuskoukku-300x297.png\" class=\"attachment-medium size-medium wp-image-1871\" alt=\"\" srcset=\"https:\/\/teras-kari.fi\/wp-content\/uploads\/2020\/01\/irrotuskoukku-300x297.png 300w, https:\/\/teras-kari.fi\/wp-content\/uploads\/2020\/01\/irrotuskoukku-150x150.png 150w, https:\/\/teras-kari.fi\/wp-content\/uploads\/2020\/01\/irrotuskoukku.png 566w\" sizes=\"(max-width: 300px) 100vw, 300px\" \/>\t\t\t\t\t\t\t\t\t\t\t\t\t\t\t<\/div>\n\t\t\t\t<\/div>\n\t\t\t\t\t<\/div>\n\t\t<\/div>\n\t\t\t\t\t<\/div>\n\t\t<\/section>\n\t\t\t\t<section class=\"elementor-section elementor-top-section elementor-element elementor-element-992e4af elementor-section-boxed elementor-section-height-default elementor-section-height-default\" data-id=\"992e4af\" data-element_type=\"section\" data-e-type=\"section\">\n\t\t\t\t\t\t<div class=\"elementor-container elementor-column-gap-default\">\n\t\t\t\t\t<div class=\"elementor-column elementor-col-100 elementor-top-column elementor-element elementor-element-ef7167d\" data-id=\"ef7167d\" data-element_type=\"column\" data-e-type=\"column\">\n\t\t\t<div class=\"elementor-widget-wrap elementor-element-populated\">\n\t\t\t\t\t\t<div class=\"elementor-element elementor-element-7286ce0 elementor-widget elementor-widget-spacer\" data-id=\"7286ce0\" data-element_type=\"widget\" data-e-type=\"widget\" data-widget_type=\"spacer.default\">\n\t\t\t\t<div class=\"elementor-widget-container\">\n\t\t\t\t\t\t\t<div class=\"elementor-spacer\">\n\t\t\t<div class=\"elementor-spacer-inner\"><\/div>\n\t\t<\/div>\n\t\t\t\t\t\t<\/div>\n\t\t\t\t<\/div>\n\t\t\t\t\t<\/div>\n\t\t<\/div>\n\t\t\t\t\t<\/div>\n\t\t<\/section>\n\t\t\t\t<\/div>\n\t\t","protected":false},"excerpt":{"rendered":"<p>Kaivonkannen Nostomagneetit KN700-Magneetti Teleskooppivarrellinen magneetti kaivonkansien nostamista varten Sis\u00e4lt\u00e4\u00e4 kumisuojan &amp; puhdistuslevyn Saatavilla my\u00f6s taittuvilla kahvoilla Kysy lis\u00e4\u00e4 KN1600-Magneetti Teleskooppivarrellinen magneetti kaivonkansien nostamista varten Tehokkaampi malli Pituus 740mm (kokoontaitettuna 480mm) Sis\u00e4lt\u00e4\u00e4 kumisuojan &amp; puhdistuslevyn Saatavilla my\u00f6s taittuvilla kahvoilla Saatavilla my\u00f6s 1-2 nostajalle tarkoitettu, leve\u00e4mmill\u00e4 kahvoilla varustettu malli suuria kansia varten Kysy lis\u00e4\u00e4 Nostokoukku Lujaa ter\u00e4st\u00e4 [&hellip;]<\/p>\n","protected":false},"author":1,"featured_media":0,"parent":313,"menu_order":0,"comment_status":"closed","ping_status":"closed","template":"","meta":{"footnotes":""},"class_list":["post-395","page","type-page","status-publish","hentry","entry"],"yoast_head":"<!-- This site is optimized with the Yoast SEO plugin v27.5 - https:\/\/yoast.com\/product\/yoast-seo-wordpress\/ -->\n<title>Kaivonkansimagneetit - Ter\u00e4s-Kari<\/title>\n<meta name=\"description\" content=\"Ter\u00e4s-Kari\" \/>\n<meta name=\"robots\" content=\"index, follow, max-snippet:-1, max-image-preview:large, max-video-preview:-1\" \/>\n<link rel=\"canonical\" href=\"https:\/\/teras-kari.fi\/en\/muut-magneetit\/kaivonkansimagneetit\/\" \/>\n<meta property=\"og:locale\" content=\"en_GB\" \/>\n<meta property=\"og:type\" content=\"article\" \/>\n<meta property=\"og:title\" content=\"Kaivonkansimagneetit - Ter\u00e4s-Kari\" \/>\n<meta property=\"og:description\" content=\"Ter\u00e4s-Kari\" \/>\n<meta property=\"og:url\" content=\"https:\/\/teras-kari.fi\/en\/muut-magneetit\/kaivonkansimagneetit\/\" \/>\n<meta property=\"og:site_name\" content=\"Ter\u00e4s-Kari\" \/>\n<meta property=\"article:modified_time\" content=\"2021-02-05T13:38:55+00:00\" \/>\n<meta property=\"og:image\" content=\"https:\/\/teras-kari.fi\/wp-content\/uploads\/2020\/02\/vraykn700v2-1.png\" \/>\n<meta name=\"twitter:card\" content=\"summary_large_image\" \/>\n<script type=\"application\/ld+json\" class=\"yoast-schema-graph\">{\"@context\":\"https:\\\/\\\/schema.org\",\"@graph\":[{\"@type\":\"WebPage\",\"@id\":\"https:\\\/\\\/teras-kari.fi\\\/muut-magneetit\\\/kaivonkansimagneetit\\\/\",\"url\":\"https:\\\/\\\/teras-kari.fi\\\/muut-magneetit\\\/kaivonkansimagneetit\\\/\",\"name\":\"Kaivonkansimagneetit - Ter\u00e4s-Kari\",\"isPartOf\":{\"@id\":\"https:\\\/\\\/teras-kari.fi\\\/#website\"},\"primaryImageOfPage\":{\"@id\":\"https:\\\/\\\/teras-kari.fi\\\/muut-magneetit\\\/kaivonkansimagneetit\\\/#primaryimage\"},\"image\":{\"@id\":\"https:\\\/\\\/teras-kari.fi\\\/muut-magneetit\\\/kaivonkansimagneetit\\\/#primaryimage\"},\"thumbnailUrl\":\"https:\\\/\\\/teras-kari.fi\\\/wp-content\\\/uploads\\\/2020\\\/02\\\/vraykn700v2-1.png\",\"datePublished\":\"2019-10-24T11:24:55+00:00\",\"dateModified\":\"2021-02-05T13:38:55+00:00\",\"description\":\"Ter\u00e4s-Kari\",\"breadcrumb\":{\"@id\":\"https:\\\/\\\/teras-kari.fi\\\/muut-magneetit\\\/kaivonkansimagneetit\\\/#breadcrumb\"},\"inLanguage\":\"en-GB\",\"potentialAction\":[{\"@type\":\"ReadAction\",\"target\":[\"https:\\\/\\\/teras-kari.fi\\\/muut-magneetit\\\/kaivonkansimagneetit\\\/\"]}]},{\"@type\":\"ImageObject\",\"inLanguage\":\"en-GB\",\"@id\":\"https:\\\/\\\/teras-kari.fi\\\/muut-magneetit\\\/kaivonkansimagneetit\\\/#primaryimage\",\"url\":\"https:\\\/\\\/teras-kari.fi\\\/wp-content\\\/uploads\\\/2020\\\/02\\\/vraykn700v2-1.png\",\"contentUrl\":\"https:\\\/\\\/teras-kari.fi\\\/wp-content\\\/uploads\\\/2020\\\/02\\\/vraykn700v2-1.png\"},{\"@type\":\"BreadcrumbList\",\"@id\":\"https:\\\/\\\/teras-kari.fi\\\/muut-magneetit\\\/kaivonkansimagneetit\\\/#breadcrumb\",\"itemListElement\":[{\"@type\":\"ListItem\",\"position\":1,\"name\":\"Home\",\"item\":\"https:\\\/\\\/teras-kari.fi\\\/\"},{\"@type\":\"ListItem\",\"position\":2,\"name\":\"Muut Tuotteet\",\"item\":\"https:\\\/\\\/teras-kari.fi\\\/muut-magneetit\\\/\"},{\"@type\":\"ListItem\",\"position\":3,\"name\":\"Kaivonkansimagneetit\"}]},{\"@type\":\"WebSite\",\"@id\":\"https:\\\/\\\/teras-kari.fi\\\/#website\",\"url\":\"https:\\\/\\\/teras-kari.fi\\\/\",\"name\":\"Ter\u00e4s-Kari\",\"description\":\"Magnets for concrete element production and more!\",\"publisher\":{\"@id\":\"https:\\\/\\\/teras-kari.fi\\\/#organization\"},\"potentialAction\":[{\"@type\":\"SearchAction\",\"target\":{\"@type\":\"EntryPoint\",\"urlTemplate\":\"https:\\\/\\\/teras-kari.fi\\\/?s={search_term_string}\"},\"query-input\":{\"@type\":\"PropertyValueSpecification\",\"valueRequired\":true,\"valueName\":\"search_term_string\"}}],\"inLanguage\":\"en-GB\"},{\"@type\":\"Organization\",\"@id\":\"https:\\\/\\\/teras-kari.fi\\\/#organization\",\"name\":\"Ter\u00e4s-Kari\",\"url\":\"https:\\\/\\\/teras-kari.fi\\\/\",\"logo\":{\"@type\":\"ImageObject\",\"inLanguage\":\"en-GB\",\"@id\":\"https:\\\/\\\/teras-kari.fi\\\/#\\\/schema\\\/logo\\\/image\\\/\",\"url\":\"https:\\\/\\\/teras-kari.fi\\\/wp-content\\\/uploads\\\/2019\\\/10\\\/TerasKari_logo_yellow_rgb-e1571741052106.png\",\"contentUrl\":\"https:\\\/\\\/teras-kari.fi\\\/wp-content\\\/uploads\\\/2019\\\/10\\\/TerasKari_logo_yellow_rgb-e1571741052106.png\",\"width\":4253,\"height\":1434,\"caption\":\"Ter\u00e4s-Kari\"},\"image\":{\"@id\":\"https:\\\/\\\/teras-kari.fi\\\/#\\\/schema\\\/logo\\\/image\\\/\"}}]}<\/script>\n<!-- \/ Yoast SEO plugin. -->","yoast_head_json":{"title":"Kaivonkansimagneetit - Ter\u00e4s-Kari","description":"Ter\u00e4s-Kari","robots":{"index":"index","follow":"follow","max-snippet":"max-snippet:-1","max-image-preview":"max-image-preview:large","max-video-preview":"max-video-preview:-1"},"canonical":"https:\/\/teras-kari.fi\/en\/muut-magneetit\/kaivonkansimagneetit\/","og_locale":"en_GB","og_type":"article","og_title":"Kaivonkansimagneetit - Ter\u00e4s-Kari","og_description":"Ter\u00e4s-Kari","og_url":"https:\/\/teras-kari.fi\/en\/muut-magneetit\/kaivonkansimagneetit\/","og_site_name":"Ter\u00e4s-Kari","article_modified_time":"2021-02-05T13:38:55+00:00","og_image":[{"url":"https:\/\/teras-kari.fi\/wp-content\/uploads\/2020\/02\/vraykn700v2-1.png","type":"","width":"","height":""}],"twitter_card":"summary_large_image","schema":{"@context":"https:\/\/schema.org","@graph":[{"@type":"WebPage","@id":"https:\/\/teras-kari.fi\/muut-magneetit\/kaivonkansimagneetit\/","url":"https:\/\/teras-kari.fi\/muut-magneetit\/kaivonkansimagneetit\/","name":"Kaivonkansimagneetit - Ter\u00e4s-Kari","isPartOf":{"@id":"https:\/\/teras-kari.fi\/#website"},"primaryImageOfPage":{"@id":"https:\/\/teras-kari.fi\/muut-magneetit\/kaivonkansimagneetit\/#primaryimage"},"image":{"@id":"https:\/\/teras-kari.fi\/muut-magneetit\/kaivonkansimagneetit\/#primaryimage"},"thumbnailUrl":"https:\/\/teras-kari.fi\/wp-content\/uploads\/2020\/02\/vraykn700v2-1.png","datePublished":"2019-10-24T11:24:55+00:00","dateModified":"2021-02-05T13:38:55+00:00","description":"Ter\u00e4s-Kari","breadcrumb":{"@id":"https:\/\/teras-kari.fi\/muut-magneetit\/kaivonkansimagneetit\/#breadcrumb"},"inLanguage":"en-GB","potentialAction":[{"@type":"ReadAction","target":["https:\/\/teras-kari.fi\/muut-magneetit\/kaivonkansimagneetit\/"]}]},{"@type":"ImageObject","inLanguage":"en-GB","@id":"https:\/\/teras-kari.fi\/muut-magneetit\/kaivonkansimagneetit\/#primaryimage","url":"https:\/\/teras-kari.fi\/wp-content\/uploads\/2020\/02\/vraykn700v2-1.png","contentUrl":"https:\/\/teras-kari.fi\/wp-content\/uploads\/2020\/02\/vraykn700v2-1.png"},{"@type":"BreadcrumbList","@id":"https:\/\/teras-kari.fi\/muut-magneetit\/kaivonkansimagneetit\/#breadcrumb","itemListElement":[{"@type":"ListItem","position":1,"name":"Home","item":"https:\/\/teras-kari.fi\/"},{"@type":"ListItem","position":2,"name":"Muut Tuotteet","item":"https:\/\/teras-kari.fi\/muut-magneetit\/"},{"@type":"ListItem","position":3,"name":"Kaivonkansimagneetit"}]},{"@type":"WebSite","@id":"https:\/\/teras-kari.fi\/#website","url":"https:\/\/teras-kari.fi\/","name":"Ter\u00e4s-Kari","description":"Magnets for concrete element production and more!","publisher":{"@id":"https:\/\/teras-kari.fi\/#organization"},"potentialAction":[{"@type":"SearchAction","target":{"@type":"EntryPoint","urlTemplate":"https:\/\/teras-kari.fi\/?s={search_term_string}"},"query-input":{"@type":"PropertyValueSpecification","valueRequired":true,"valueName":"search_term_string"}}],"inLanguage":"en-GB"},{"@type":"Organization","@id":"https:\/\/teras-kari.fi\/#organization","name":"Ter\u00e4s-Kari","url":"https:\/\/teras-kari.fi\/","logo":{"@type":"ImageObject","inLanguage":"en-GB","@id":"https:\/\/teras-kari.fi\/#\/schema\/logo\/image\/","url":"https:\/\/teras-kari.fi\/wp-content\/uploads\/2019\/10\/TerasKari_logo_yellow_rgb-e1571741052106.png","contentUrl":"https:\/\/teras-kari.fi\/wp-content\/uploads\/2019\/10\/TerasKari_logo_yellow_rgb-e1571741052106.png","width":4253,"height":1434,"caption":"Ter\u00e4s-Kari"},"image":{"@id":"https:\/\/teras-kari.fi\/#\/schema\/logo\/image\/"}}]}},"_links":{"self":[{"href":"https:\/\/teras-kari.fi\/en\/wp-json\/wp\/v2\/pages\/395","targetHints":{"allow":["GET"]}}],"collection":[{"href":"https:\/\/teras-kari.fi\/en\/wp-json\/wp\/v2\/pages"}],"about":[{"href":"https:\/\/teras-kari.fi\/en\/wp-json\/wp\/v2\/types\/page"}],"author":[{"embeddable":true,"href":"https:\/\/teras-kari.fi\/en\/wp-json\/wp\/v2\/users\/1"}],"replies":[{"embeddable":true,"href":"https:\/\/teras-kari.fi\/en\/wp-json\/wp\/v2\/comments?post=395"}],"version-history":[{"count":20,"href":"https:\/\/teras-kari.fi\/en\/wp-json\/wp\/v2\/pages\/395\/revisions"}],"predecessor-version":[{"id":3469,"href":"https:\/\/teras-kari.fi\/en\/wp-json\/wp\/v2\/pages\/395\/revisions\/3469"}],"up":[{"embeddable":true,"href":"https:\/\/teras-kari.fi\/en\/wp-json\/wp\/v2\/pages\/313"}],"wp:attachment":[{"href":"https:\/\/teras-kari.fi\/en\/wp-json\/wp\/v2\/media?parent=395"}],"curies":[{"name":"wp","href":"https:\/\/api.w.org\/{rel}","templated":true}]}}