{"id":2060,"date":"2020-03-19T13:55:05","date_gmt":"2020-03-19T11:55:05","guid":{"rendered":"https:\/\/teras-kari.fi?page_id=2060"},"modified":"2020-09-08T13:53:04","modified_gmt":"2020-09-08T11:53:04","slug":"tunnistinmagneetit","status":"publish","type":"page","link":"https:\/\/teras-kari.fi\/en\/tunnistinmagneetit\/","title":{"rendered":"Sensor Magnets"},"content":{"rendered":"\t\t<div data-elementor-type=\"wp-page\" data-elementor-id=\"2060\" class=\"elementor elementor-2060\" data-elementor-post-type=\"page\">\n\t\t\t\t\t\t<section class=\"elementor-section elementor-top-section elementor-element elementor-element-424cd18 elementor-section-boxed elementor-section-height-default elementor-section-height-default\" data-id=\"424cd18\" data-element_type=\"section\" data-e-type=\"section\">\n\t\t\t\t\t\t<div class=\"elementor-container elementor-column-gap-default\">\n\t\t\t\t\t<div class=\"elementor-column elementor-col-100 elementor-top-column elementor-element elementor-element-b1ba91f\" data-id=\"b1ba91f\" data-element_type=\"column\" data-e-type=\"column\">\n\t\t\t<div class=\"elementor-widget-wrap elementor-element-populated\">\n\t\t\t\t\t\t<div class=\"elementor-element elementor-element-090975f elementor-widget elementor-widget-spacer\" data-id=\"090975f\" data-element_type=\"widget\" data-e-type=\"widget\" data-widget_type=\"spacer.default\">\n\t\t\t\t<div class=\"elementor-widget-container\">\n\t\t\t\t\t\t\t<div class=\"elementor-spacer\">\n\t\t\t<div class=\"elementor-spacer-inner\"><\/div>\n\t\t<\/div>\n\t\t\t\t\t\t<\/div>\n\t\t\t\t<\/div>\n\t\t\t\t\t<\/div>\n\t\t<\/div>\n\t\t\t\t\t<\/div>\n\t\t<\/section>\n\t\t\t\t<section class=\"elementor-section elementor-top-section elementor-element elementor-element-312a05ef elementor-section-boxed elementor-section-height-default elementor-section-height-default\" data-id=\"312a05ef\" data-element_type=\"section\" data-e-type=\"section\" data-settings=\"{&quot;background_background&quot;:&quot;slideshow&quot;,&quot;background_slideshow_gallery&quot;:[{&quot;id&quot;:238,&quot;url&quot;:&quot;https:\\\/\\\/teras-kari.fi\\\/wp-content\\\/uploads\\\/2019\\\/10\\\/am-1110C-kuva-4.jpg&quot;}],&quot;shape_divider_bottom&quot;:&quot;opacity-tilt&quot;,&quot;shape_divider_top&quot;:&quot;opacity-tilt&quot;,&quot;background_slideshow_loop&quot;:&quot;yes&quot;,&quot;background_slideshow_slide_duration&quot;:5000,&quot;background_slideshow_slide_transition&quot;:&quot;fade&quot;,&quot;background_slideshow_transition_duration&quot;:500}\">\n\t\t\t\t\t\t\t<div class=\"elementor-background-overlay\"><\/div>\n\t\t\t\t\t\t<div class=\"elementor-shape elementor-shape-top\" aria-hidden=\"true\" data-negative=\"false\">\n\t\t\t<svg xmlns=\"http:\/\/www.w3.org\/2000\/svg\" viewBox=\"0 0 2600 131.1\" preserveAspectRatio=\"none\">\n\t<path class=\"elementor-shape-fill\" d=\"M0 0L2600 0 2600 69.1 0 0z\"\/>\n\t<path class=\"elementor-shape-fill\" style=\"opacity:0.5\" d=\"M0 0L2600 0 2600 69.1 0 69.1z\"\/>\n\t<path class=\"elementor-shape-fill\" style=\"opacity:0.25\" d=\"M2600 0L0 0 0 130.1 2600 69.1z\"\/>\n<\/svg>\t\t<\/div>\n\t\t\t\t<div class=\"elementor-shape elementor-shape-bottom\" aria-hidden=\"true\" data-negative=\"false\">\n\t\t\t<svg xmlns=\"http:\/\/www.w3.org\/2000\/svg\" viewBox=\"0 0 2600 131.1\" preserveAspectRatio=\"none\">\n\t<path class=\"elementor-shape-fill\" d=\"M0 0L2600 0 2600 69.1 0 0z\"\/>\n\t<path class=\"elementor-shape-fill\" style=\"opacity:0.5\" d=\"M0 0L2600 0 2600 69.1 0 69.1z\"\/>\n\t<path class=\"elementor-shape-fill\" style=\"opacity:0.25\" d=\"M2600 0L0 0 0 130.1 2600 69.1z\"\/>\n<\/svg>\t\t<\/div>\n\t\t\t\t\t<div class=\"elementor-container elementor-column-gap-default\">\n\t\t\t\t\t<div class=\"elementor-column elementor-col-100 elementor-top-column elementor-element elementor-element-1aa2636a\" data-id=\"1aa2636a\" data-element_type=\"column\" data-e-type=\"column\">\n\t\t\t<div class=\"elementor-widget-wrap elementor-element-populated\">\n\t\t\t\t\t\t<div class=\"elementor-element elementor-element-1449047d elementor-widget elementor-widget-spacer\" data-id=\"1449047d\" data-element_type=\"widget\" data-e-type=\"widget\" data-widget_type=\"spacer.default\">\n\t\t\t\t<div class=\"elementor-widget-container\">\n\t\t\t\t\t\t\t<div class=\"elementor-spacer\">\n\t\t\t<div class=\"elementor-spacer-inner\"><\/div>\n\t\t<\/div>\n\t\t\t\t\t\t<\/div>\n\t\t\t\t<\/div>\n\t\t\t\t<div class=\"elementor-element elementor-element-79198742 elementor-absolute elementor-widget elementor-widget-heading\" data-id=\"79198742\" data-element_type=\"widget\" data-e-type=\"widget\" data-settings=\"{&quot;_position&quot;:&quot;absolute&quot;}\" data-widget_type=\"heading.default\">\n\t\t\t\t<div class=\"elementor-widget-container\">\n\t\t\t\t\t<h2 class=\"elementor-heading-title elementor-size-large\">Tunnistinmagneetit<\/h2>\t\t\t\t<\/div>\n\t\t\t\t<\/div>\n\t\t\t\t<div class=\"elementor-element elementor-element-60fd0593 elementor-widget elementor-widget-spacer\" data-id=\"60fd0593\" data-element_type=\"widget\" data-e-type=\"widget\" data-widget_type=\"spacer.default\">\n\t\t\t\t<div class=\"elementor-widget-container\">\n\t\t\t\t\t\t\t<div class=\"elementor-spacer\">\n\t\t\t<div class=\"elementor-spacer-inner\"><\/div>\n\t\t<\/div>\n\t\t\t\t\t\t<\/div>\n\t\t\t\t<\/div>\n\t\t\t\t\t<\/div>\n\t\t<\/div>\n\t\t\t\t\t<\/div>\n\t\t<\/section>\n\t\t\t\t<section class=\"elementor-section elementor-top-section elementor-element elementor-element-2c6cdc74 elementor-section-height-min-height elementor-section-content-middle elementor-reverse-mobile elementor-section-boxed elementor-section-height-default elementor-section-items-middle\" data-id=\"2c6cdc74\" data-element_type=\"section\" data-e-type=\"section\" data-settings=\"{&quot;background_background&quot;:&quot;classic&quot;}\">\n\t\t\t\t\t\t<div class=\"elementor-container elementor-column-gap-no\">\n\t\t\t\t\t<div class=\"elementor-column elementor-col-50 elementor-top-column elementor-element elementor-element-4c88d518\" data-id=\"4c88d518\" data-element_type=\"column\" data-e-type=\"column\">\n\t\t\t<div class=\"elementor-widget-wrap elementor-element-populated\">\n\t\t\t\t\t\t<div class=\"elementor-element elementor-element-1a696fa5 elementor-widget elementor-widget-heading\" data-id=\"1a696fa5\" data-element_type=\"widget\" data-e-type=\"widget\" data-widget_type=\"heading.default\">\n\t\t\t\t<div class=\"elementor-widget-container\">\n\t\t\t\t\t<h2 class=\"elementor-heading-title elementor-size-default\">Tunnistinmagneetti tapilla<\/h2>\t\t\t\t<\/div>\n\t\t\t\t<\/div>\n\t\t\t\t<div class=\"elementor-element elementor-element-4f28615d elementor-widget elementor-widget-text-editor\" data-id=\"4f28615d\" data-element_type=\"widget\" data-e-type=\"widget\" data-widget_type=\"text-editor.default\">\n\t\t\t\t<div class=\"elementor-widget-container\">\n\t\t\t\t\t\t\t\t\t<ul><li>XM-2013<\/li><li>Helppok\u00e4ytt\u00f6inen &amp; tehokas<\/li><\/ul>\t\t\t\t\t\t\t\t<\/div>\n\t\t\t\t<\/div>\n\t\t\t\t<div class=\"elementor-element elementor-element-34dbf45c elementor-align-justify elementor-mobile-align-center elementor-widget elementor-widget-button\" data-id=\"34dbf45c\" data-element_type=\"widget\" data-e-type=\"widget\" data-widget_type=\"button.default\">\n\t\t\t\t<div class=\"elementor-widget-container\">\n\t\t\t\t\t\t\t\t\t<div class=\"elementor-button-wrapper\">\n\t\t\t\t\t<a class=\"elementor-button elementor-button-link elementor-size-sm elementor-animation-grow\" href=\"https:\/\/teras-kari.fituotteet\/betonielementtiteollisuus\/laitamagneetit\/\">\n\t\t\t\t\t\t<span class=\"elementor-button-content-wrapper\">\n\t\t\t\t\t\t\t\t\t<span class=\"elementor-button-text\">Kysy lis\u00e4\u00e4<\/span>\n\t\t\t\t\t<\/span>\n\t\t\t\t\t<\/a>\n\t\t\t\t<\/div>\n\t\t\t\t\t\t\t\t<\/div>\n\t\t\t\t<\/div>\n\t\t\t\t\t<\/div>\n\t\t<\/div>\n\t\t\t\t<div class=\"elementor-column elementor-col-50 elementor-top-column elementor-element elementor-element-56a0d71c\" data-id=\"56a0d71c\" data-element_type=\"column\" data-e-type=\"column\">\n\t\t\t<div class=\"elementor-widget-wrap elementor-element-populated\">\n\t\t\t\t\t\t<div class=\"elementor-element elementor-element-33a5fc56 elementor-absolute elementor-widget elementor-widget-image\" data-id=\"33a5fc56\" data-element_type=\"widget\" data-e-type=\"widget\" data-settings=\"{&quot;_position&quot;:&quot;absolute&quot;}\" data-widget_type=\"image.default\">\n\t\t\t\t<div class=\"elementor-widget-container\">\n\t\t\t\t\t\t\t\t\t\t\t\t\t\t\t<img fetchpriority=\"high\" decoding=\"async\" width=\"1800\" height=\"1012\" src=\"https:\/\/teras-kari.fi\/wp-content\/uploads\/2020\/03\/tunnistinv2.png\" class=\"attachment-full size-full wp-image-2062\" alt=\"\" srcset=\"https:\/\/teras-kari.fi\/wp-content\/uploads\/2020\/03\/tunnistinv2.png 1800w, https:\/\/teras-kari.fi\/wp-content\/uploads\/2020\/03\/tunnistinv2-300x169.png 300w, https:\/\/teras-kari.fi\/wp-content\/uploads\/2020\/03\/tunnistinv2-1024x576.png 1024w, https:\/\/teras-kari.fi\/wp-content\/uploads\/2020\/03\/tunnistinv2-768x432.png 768w, https:\/\/teras-kari.fi\/wp-content\/uploads\/2020\/03\/tunnistinv2-1536x864.png 1536w\" sizes=\"(max-width: 1800px) 100vw, 1800px\" \/>\t\t\t\t\t\t\t\t\t\t\t\t\t\t\t<\/div>\n\t\t\t\t<\/div>\n\t\t\t\t\t<\/div>\n\t\t<\/div>\n\t\t\t\t\t<\/div>\n\t\t<\/section>\n\t\t\t\t<section class=\"elementor-section elementor-top-section elementor-element elementor-element-79005d2b elementor-section-height-min-height elementor-section-content-middle elementor-reverse-mobile elementor-section-boxed elementor-section-height-default elementor-section-items-middle\" data-id=\"79005d2b\" data-element_type=\"section\" data-e-type=\"section\" data-settings=\"{&quot;background_background&quot;:&quot;classic&quot;}\">\n\t\t\t\t\t\t<div class=\"elementor-container elementor-column-gap-no\">\n\t\t\t\t\t<div class=\"elementor-column elementor-col-50 elementor-top-column elementor-element elementor-element-78a285c4\" data-id=\"78a285c4\" data-element_type=\"column\" data-e-type=\"column\">\n\t\t\t<div class=\"elementor-widget-wrap elementor-element-populated\">\n\t\t\t\t\t\t<div class=\"elementor-element elementor-element-58d7731a elementor-widget elementor-widget-heading\" data-id=\"58d7731a\" data-element_type=\"widget\" data-e-type=\"widget\" data-widget_type=\"heading.default\">\n\t\t\t\t<div class=\"elementor-widget-container\">\n\t\t\t\t\t<h2 class=\"elementor-heading-title elementor-size-default\">Tunnistinmagneetti, sauva<\/h2>\t\t\t\t<\/div>\n\t\t\t\t<\/div>\n\t\t\t\t<div class=\"elementor-element elementor-element-17d33e74 elementor-widget elementor-widget-text-editor\" data-id=\"17d33e74\" data-element_type=\"widget\" data-e-type=\"widget\" data-widget_type=\"text-editor.default\">\n\t\t\t\t<div class=\"elementor-widget-container\">\n\t\t\t\t\t\t\t\t\t<ul><li>XM-2011<\/li><li>Helppok\u00e4ytt\u00f6inen &amp; tehokas<\/li><\/ul>\t\t\t\t\t\t\t\t<\/div>\n\t\t\t\t<\/div>\n\t\t\t\t<div class=\"elementor-element elementor-element-1f7396dc elementor-align-justify elementor-mobile-align-center elementor-widget elementor-widget-button\" data-id=\"1f7396dc\" data-element_type=\"widget\" data-e-type=\"widget\" data-widget_type=\"button.default\">\n\t\t\t\t<div class=\"elementor-widget-container\">\n\t\t\t\t\t\t\t\t\t<div class=\"elementor-button-wrapper\">\n\t\t\t\t\t<a class=\"elementor-button elementor-button-link elementor-size-sm elementor-animation-grow\" href=\"https:\/\/teras-kari.fituotteet\/betonielementtiteollisuus\/laitamagneetit\/\">\n\t\t\t\t\t\t<span class=\"elementor-button-content-wrapper\">\n\t\t\t\t\t\t\t\t\t<span class=\"elementor-button-text\">kysy lis\u00e4\u00e4<\/span>\n\t\t\t\t\t<\/span>\n\t\t\t\t\t<\/a>\n\t\t\t\t<\/div>\n\t\t\t\t\t\t\t\t<\/div>\n\t\t\t\t<\/div>\n\t\t\t\t\t<\/div>\n\t\t<\/div>\n\t\t\t\t<div class=\"elementor-column elementor-col-50 elementor-top-column elementor-element elementor-element-8977d10\" data-id=\"8977d10\" data-element_type=\"column\" data-e-type=\"column\">\n\t\t\t<div class=\"elementor-widget-wrap elementor-element-populated\">\n\t\t\t\t\t\t<div class=\"elementor-element elementor-element-2e3dd658 elementor-absolute elementor-widget elementor-widget-image\" data-id=\"2e3dd658\" data-element_type=\"widget\" data-e-type=\"widget\" data-settings=\"{&quot;_position&quot;:&quot;absolute&quot;}\" data-widget_type=\"image.default\">\n\t\t\t\t<div class=\"elementor-widget-container\">\n\t\t\t\t\t\t\t\t\t\t\t\t\t\t\t<img decoding=\"async\" width=\"1800\" height=\"1012\" src=\"https:\/\/teras-kari.fi\/wp-content\/uploads\/2020\/03\/tunniste1.png\" class=\"attachment-full size-full wp-image-2057\" alt=\"\" srcset=\"https:\/\/teras-kari.fi\/wp-content\/uploads\/2020\/03\/tunniste1.png 1800w, https:\/\/teras-kari.fi\/wp-content\/uploads\/2020\/03\/tunniste1-300x169.png 300w, https:\/\/teras-kari.fi\/wp-content\/uploads\/2020\/03\/tunniste1-1024x576.png 1024w, https:\/\/teras-kari.fi\/wp-content\/uploads\/2020\/03\/tunniste1-768x432.png 768w, https:\/\/teras-kari.fi\/wp-content\/uploads\/2020\/03\/tunniste1-1536x864.png 1536w\" sizes=\"(max-width: 1800px) 100vw, 1800px\" \/>\t\t\t\t\t\t\t\t\t\t\t\t\t\t\t<\/div>\n\t\t\t\t<\/div>\n\t\t\t\t\t<\/div>\n\t\t<\/div>\n\t\t\t\t\t<\/div>\n\t\t<\/section>\n\t\t\t\t<section class=\"elementor-section elementor-top-section elementor-element elementor-element-1102c2e2 elementor-section-height-min-height elementor-section-content-middle elementor-reverse-mobile elementor-section-boxed elementor-section-height-default elementor-section-items-middle\" data-id=\"1102c2e2\" data-element_type=\"section\" data-e-type=\"section\" data-settings=\"{&quot;background_background&quot;:&quot;classic&quot;}\">\n\t\t\t\t\t\t<div class=\"elementor-container elementor-column-gap-no\">\n\t\t\t\t\t<div class=\"elementor-column elementor-col-50 elementor-top-column elementor-element elementor-element-1fff762a\" data-id=\"1fff762a\" data-element_type=\"column\" data-e-type=\"column\">\n\t\t\t<div class=\"elementor-widget-wrap elementor-element-populated\">\n\t\t\t\t\t\t<div class=\"elementor-element elementor-element-60d5deb9 elementor-widget elementor-widget-heading\" data-id=\"60d5deb9\" data-element_type=\"widget\" data-e-type=\"widget\" data-widget_type=\"heading.default\">\n\t\t\t\t<div class=\"elementor-widget-container\">\n\t\t\t\t\t<h2 class=\"elementor-heading-title elementor-size-default\">Tunnistinmagneetti, kiekko<\/h2>\t\t\t\t<\/div>\n\t\t\t\t<\/div>\n\t\t\t\t<div class=\"elementor-element elementor-element-629687fa elementor-widget elementor-widget-text-editor\" data-id=\"629687fa\" data-element_type=\"widget\" data-e-type=\"widget\" data-widget_type=\"text-editor.default\">\n\t\t\t\t<div class=\"elementor-widget-container\">\n\t\t\t\t\t\t\t\t\t<ul><li>XM-2002<\/li><li>Helppok\u00e4ytt\u00f6inen &amp; tehokas<\/li><\/ul>\t\t\t\t\t\t\t\t<\/div>\n\t\t\t\t<\/div>\n\t\t\t\t<div class=\"elementor-element elementor-element-527fad6d elementor-align-justify elementor-mobile-align-center elementor-widget elementor-widget-button\" data-id=\"527fad6d\" data-element_type=\"widget\" data-e-type=\"widget\" data-widget_type=\"button.default\">\n\t\t\t\t<div class=\"elementor-widget-container\">\n\t\t\t\t\t\t\t\t\t<div class=\"elementor-button-wrapper\">\n\t\t\t\t\t<a class=\"elementor-button elementor-button-link elementor-size-sm elementor-animation-grow\" href=\"https:\/\/teras-kari.fituotteet\/betonielementtiteollisuus\/laitamagneetit\/\">\n\t\t\t\t\t\t<span class=\"elementor-button-content-wrapper\">\n\t\t\t\t\t\t\t\t\t<span class=\"elementor-button-text\">Katso lis\u00e4\u00e4<\/span>\n\t\t\t\t\t<\/span>\n\t\t\t\t\t<\/a>\n\t\t\t\t<\/div>\n\t\t\t\t\t\t\t\t<\/div>\n\t\t\t\t<\/div>\n\t\t\t\t\t<\/div>\n\t\t<\/div>\n\t\t\t\t<div class=\"elementor-column elementor-col-50 elementor-top-column elementor-element elementor-element-3dfe6fda\" data-id=\"3dfe6fda\" data-element_type=\"column\" data-e-type=\"column\">\n\t\t\t<div class=\"elementor-widget-wrap elementor-element-populated\">\n\t\t\t\t\t\t<div class=\"elementor-element elementor-element-4aef2593 elementor-absolute elementor-widget elementor-widget-image\" data-id=\"4aef2593\" data-element_type=\"widget\" data-e-type=\"widget\" data-settings=\"{&quot;_position&quot;:&quot;absolute&quot;}\" data-widget_type=\"image.default\">\n\t\t\t\t<div class=\"elementor-widget-container\">\n\t\t\t\t\t\t\t\t\t\t\t\t\t\t\t<img decoding=\"async\" width=\"1800\" height=\"1012\" src=\"https:\/\/teras-kari.fi\/wp-content\/uploads\/2020\/03\/tunnistinrengas.png\" class=\"attachment-full size-full wp-image-2064\" alt=\"\" srcset=\"https:\/\/teras-kari.fi\/wp-content\/uploads\/2020\/03\/tunnistinrengas.png 1800w, https:\/\/teras-kari.fi\/wp-content\/uploads\/2020\/03\/tunnistinrengas-300x169.png 300w, https:\/\/teras-kari.fi\/wp-content\/uploads\/2020\/03\/tunnistinrengas-1024x576.png 1024w, https:\/\/teras-kari.fi\/wp-content\/uploads\/2020\/03\/tunnistinrengas-768x432.png 768w, https:\/\/teras-kari.fi\/wp-content\/uploads\/2020\/03\/tunnistinrengas-1536x864.png 1536w\" sizes=\"(max-width: 1800px) 100vw, 1800px\" \/>\t\t\t\t\t\t\t\t\t\t\t\t\t\t\t<\/div>\n\t\t\t\t<\/div>\n\t\t\t\t\t<\/div>\n\t\t<\/div>\n\t\t\t\t\t<\/div>\n\t\t<\/section>\n\t\t\t\t<\/div>\n\t\t","protected":false},"excerpt":{"rendered":"<p>Tunnistinmagneetit Tunnistinmagneetti tapilla XM-2013 Helppok\u00e4ytt\u00f6inen &amp; tehokas Kysy lis\u00e4\u00e4 Tunnistinmagneetti, sauva XM-2011 Helppok\u00e4ytt\u00f6inen &amp; tehokas kysy lis\u00e4\u00e4 Tunnistinmagneetti, kiekko XM-2002 Helppok\u00e4ytt\u00f6inen &amp; tehokas Katso lis\u00e4\u00e4<\/p>","protected":false},"author":1,"featured_media":0,"parent":0,"menu_order":0,"comment_status":"closed","ping_status":"closed","template":"","meta":{"footnotes":""},"class_list":["post-2060","page","type-page","status-publish","hentry","entry"],"yoast_head":"<!-- This site is optimized with the Yoast SEO plugin v27.5 - https:\/\/yoast.com\/product\/yoast-seo-wordpress\/ -->\n<title>Tunnistinmagneetit - Ter\u00e4s-Kari<\/title>\n<meta name=\"description\" content=\"Ter\u00e4s-Kari\" \/>\n<meta name=\"robots\" content=\"index, follow, max-snippet:-1, max-image-preview:large, max-video-preview:-1\" \/>\n<link rel=\"canonical\" href=\"https:\/\/teras-kari.fi\/en\/tunnistinmagneetit\/\" \/>\n<meta property=\"og:locale\" content=\"en_GB\" \/>\n<meta property=\"og:type\" content=\"article\" \/>\n<meta property=\"og:title\" content=\"Tunnistinmagneetit - Ter\u00e4s-Kari\" \/>\n<meta property=\"og:description\" content=\"Ter\u00e4s-Kari\" \/>\n<meta property=\"og:url\" content=\"https:\/\/teras-kari.fi\/en\/tunnistinmagneetit\/\" \/>\n<meta property=\"og:site_name\" content=\"Ter\u00e4s-Kari\" \/>\n<meta property=\"article:modified_time\" content=\"2020-09-08T11:53:04+00:00\" \/>\n<meta property=\"og:image\" content=\"https:\/\/teras-kari.fi\/wp-content\/uploads\/2020\/03\/tunnistinv2.png\" \/>\n<meta name=\"twitter:card\" content=\"summary_large_image\" \/>\n<script type=\"application\/ld+json\" class=\"yoast-schema-graph\">{\"@context\":\"https:\\\/\\\/schema.org\",\"@graph\":[{\"@type\":\"WebPage\",\"@id\":\"https:\\\/\\\/teras-kari.fi\\\/tunnistinmagneetit\\\/\",\"url\":\"https:\\\/\\\/teras-kari.fi\\\/tunnistinmagneetit\\\/\",\"name\":\"Tunnistinmagneetit - Ter\u00e4s-Kari\",\"isPartOf\":{\"@id\":\"https:\\\/\\\/teras-kari.fi\\\/#website\"},\"primaryImageOfPage\":{\"@id\":\"https:\\\/\\\/teras-kari.fi\\\/tunnistinmagneetit\\\/#primaryimage\"},\"image\":{\"@id\":\"https:\\\/\\\/teras-kari.fi\\\/tunnistinmagneetit\\\/#primaryimage\"},\"thumbnailUrl\":\"https:\\\/\\\/teras-kari.fi\\\/wp-content\\\/uploads\\\/2020\\\/03\\\/tunnistinv2.png\",\"datePublished\":\"2020-03-19T11:55:05+00:00\",\"dateModified\":\"2020-09-08T11:53:04+00:00\",\"description\":\"Ter\u00e4s-Kari\",\"breadcrumb\":{\"@id\":\"https:\\\/\\\/teras-kari.fi\\\/tunnistinmagneetit\\\/#breadcrumb\"},\"inLanguage\":\"en-GB\",\"potentialAction\":[{\"@type\":\"ReadAction\",\"target\":[\"https:\\\/\\\/teras-kari.fi\\\/tunnistinmagneetit\\\/\"]}]},{\"@type\":\"ImageObject\",\"inLanguage\":\"en-GB\",\"@id\":\"https:\\\/\\\/teras-kari.fi\\\/tunnistinmagneetit\\\/#primaryimage\",\"url\":\"https:\\\/\\\/teras-kari.fi\\\/wp-content\\\/uploads\\\/2020\\\/03\\\/tunnistinv2.png\",\"contentUrl\":\"https:\\\/\\\/teras-kari.fi\\\/wp-content\\\/uploads\\\/2020\\\/03\\\/tunnistinv2.png\"},{\"@type\":\"BreadcrumbList\",\"@id\":\"https:\\\/\\\/teras-kari.fi\\\/tunnistinmagneetit\\\/#breadcrumb\",\"itemListElement\":[{\"@type\":\"ListItem\",\"position\":1,\"name\":\"Home\",\"item\":\"https:\\\/\\\/teras-kari.fi\\\/\"},{\"@type\":\"ListItem\",\"position\":2,\"name\":\"Tunnistinmagneetit\"}]},{\"@type\":\"WebSite\",\"@id\":\"https:\\\/\\\/teras-kari.fi\\\/#website\",\"url\":\"https:\\\/\\\/teras-kari.fi\\\/\",\"name\":\"Ter\u00e4s-Kari\",\"description\":\"Magnets for concrete element production and more!\",\"publisher\":{\"@id\":\"https:\\\/\\\/teras-kari.fi\\\/#organization\"},\"potentialAction\":[{\"@type\":\"SearchAction\",\"target\":{\"@type\":\"EntryPoint\",\"urlTemplate\":\"https:\\\/\\\/teras-kari.fi\\\/?s={search_term_string}\"},\"query-input\":{\"@type\":\"PropertyValueSpecification\",\"valueRequired\":true,\"valueName\":\"search_term_string\"}}],\"inLanguage\":\"en-GB\"},{\"@type\":\"Organization\",\"@id\":\"https:\\\/\\\/teras-kari.fi\\\/#organization\",\"name\":\"Ter\u00e4s-Kari\",\"url\":\"https:\\\/\\\/teras-kari.fi\\\/\",\"logo\":{\"@type\":\"ImageObject\",\"inLanguage\":\"en-GB\",\"@id\":\"https:\\\/\\\/teras-kari.fi\\\/#\\\/schema\\\/logo\\\/image\\\/\",\"url\":\"https:\\\/\\\/teras-kari.fi\\\/wp-content\\\/uploads\\\/2019\\\/10\\\/TerasKari_logo_yellow_rgb-e1571741052106.png\",\"contentUrl\":\"https:\\\/\\\/teras-kari.fi\\\/wp-content\\\/uploads\\\/2019\\\/10\\\/TerasKari_logo_yellow_rgb-e1571741052106.png\",\"width\":4253,\"height\":1434,\"caption\":\"Ter\u00e4s-Kari\"},\"image\":{\"@id\":\"https:\\\/\\\/teras-kari.fi\\\/#\\\/schema\\\/logo\\\/image\\\/\"}}]}<\/script>\n<!-- \/ Yoast SEO plugin. -->","yoast_head_json":{"title":"Tunnistinmagneetit - Ter\u00e4s-Kari","description":"Ter\u00e4s-Kari","robots":{"index":"index","follow":"follow","max-snippet":"max-snippet:-1","max-image-preview":"max-image-preview:large","max-video-preview":"max-video-preview:-1"},"canonical":"https:\/\/teras-kari.fi\/en\/tunnistinmagneetit\/","og_locale":"en_GB","og_type":"article","og_title":"Tunnistinmagneetit - Ter\u00e4s-Kari","og_description":"Ter\u00e4s-Kari","og_url":"https:\/\/teras-kari.fi\/en\/tunnistinmagneetit\/","og_site_name":"Ter\u00e4s-Kari","article_modified_time":"2020-09-08T11:53:04+00:00","og_image":[{"url":"https:\/\/teras-kari.fi\/wp-content\/uploads\/2020\/03\/tunnistinv2.png","type":"","width":"","height":""}],"twitter_card":"summary_large_image","schema":{"@context":"https:\/\/schema.org","@graph":[{"@type":"WebPage","@id":"https:\/\/teras-kari.fi\/tunnistinmagneetit\/","url":"https:\/\/teras-kari.fi\/tunnistinmagneetit\/","name":"Tunnistinmagneetit - Ter\u00e4s-Kari","isPartOf":{"@id":"https:\/\/teras-kari.fi\/#website"},"primaryImageOfPage":{"@id":"https:\/\/teras-kari.fi\/tunnistinmagneetit\/#primaryimage"},"image":{"@id":"https:\/\/teras-kari.fi\/tunnistinmagneetit\/#primaryimage"},"thumbnailUrl":"https:\/\/teras-kari.fi\/wp-content\/uploads\/2020\/03\/tunnistinv2.png","datePublished":"2020-03-19T11:55:05+00:00","dateModified":"2020-09-08T11:53:04+00:00","description":"Ter\u00e4s-Kari","breadcrumb":{"@id":"https:\/\/teras-kari.fi\/tunnistinmagneetit\/#breadcrumb"},"inLanguage":"en-GB","potentialAction":[{"@type":"ReadAction","target":["https:\/\/teras-kari.fi\/tunnistinmagneetit\/"]}]},{"@type":"ImageObject","inLanguage":"en-GB","@id":"https:\/\/teras-kari.fi\/tunnistinmagneetit\/#primaryimage","url":"https:\/\/teras-kari.fi\/wp-content\/uploads\/2020\/03\/tunnistinv2.png","contentUrl":"https:\/\/teras-kari.fi\/wp-content\/uploads\/2020\/03\/tunnistinv2.png"},{"@type":"BreadcrumbList","@id":"https:\/\/teras-kari.fi\/tunnistinmagneetit\/#breadcrumb","itemListElement":[{"@type":"ListItem","position":1,"name":"Home","item":"https:\/\/teras-kari.fi\/"},{"@type":"ListItem","position":2,"name":"Tunnistinmagneetit"}]},{"@type":"WebSite","@id":"https:\/\/teras-kari.fi\/#website","url":"https:\/\/teras-kari.fi\/","name":"Ter\u00e4s-Kari","description":"Magnets for concrete element production and more!","publisher":{"@id":"https:\/\/teras-kari.fi\/#organization"},"potentialAction":[{"@type":"SearchAction","target":{"@type":"EntryPoint","urlTemplate":"https:\/\/teras-kari.fi\/?s={search_term_string}"},"query-input":{"@type":"PropertyValueSpecification","valueRequired":true,"valueName":"search_term_string"}}],"inLanguage":"en-GB"},{"@type":"Organization","@id":"https:\/\/teras-kari.fi\/#organization","name":"Ter\u00e4s-Kari","url":"https:\/\/teras-kari.fi\/","logo":{"@type":"ImageObject","inLanguage":"en-GB","@id":"https:\/\/teras-kari.fi\/#\/schema\/logo\/image\/","url":"https:\/\/teras-kari.fi\/wp-content\/uploads\/2019\/10\/TerasKari_logo_yellow_rgb-e1571741052106.png","contentUrl":"https:\/\/teras-kari.fi\/wp-content\/uploads\/2019\/10\/TerasKari_logo_yellow_rgb-e1571741052106.png","width":4253,"height":1434,"caption":"Ter\u00e4s-Kari"},"image":{"@id":"https:\/\/teras-kari.fi\/#\/schema\/logo\/image\/"}}]}},"_links":{"self":[{"href":"https:\/\/teras-kari.fi\/en\/wp-json\/wp\/v2\/pages\/2060","targetHints":{"allow":["GET"]}}],"collection":[{"href":"https:\/\/teras-kari.fi\/en\/wp-json\/wp\/v2\/pages"}],"about":[{"href":"https:\/\/teras-kari.fi\/en\/wp-json\/wp\/v2\/types\/page"}],"author":[{"embeddable":true,"href":"https:\/\/teras-kari.fi\/en\/wp-json\/wp\/v2\/users\/1"}],"replies":[{"embeddable":true,"href":"https:\/\/teras-kari.fi\/en\/wp-json\/wp\/v2\/comments?post=2060"}],"version-history":[{"count":10,"href":"https:\/\/teras-kari.fi\/en\/wp-json\/wp\/v2\/pages\/2060\/revisions"}],"predecessor-version":[{"id":2213,"href":"https:\/\/teras-kari.fi\/en\/wp-json\/wp\/v2\/pages\/2060\/revisions\/2213"}],"wp:attachment":[{"href":"https:\/\/teras-kari.fi\/en\/wp-json\/wp\/v2\/media?parent=2060"}],"curies":[{"name":"wp","href":"https:\/\/api.w.org\/{rel}","templated":true}]}}