{"id":2008,"date":"2020-02-27T14:58:30","date_gmt":"2020-02-27T12:58:30","guid":{"rendered":"https:\/\/teras-kari.fi?page_id=2008"},"modified":"2020-10-05T08:31:51","modified_gmt":"2020-10-05T06:31:51","slug":"tartuntalevyn-kiinnitysmagneetit","status":"publish","type":"page","link":"https:\/\/teras-kari.fi\/en\/tartuntalevyn-kiinnitysmagneetit\/","title":{"rendered":"Holding Plate Attachment Magnets"},"content":{"rendered":"<div data-elementor-type=\"wp-page\" data-elementor-id=\"2008\" class=\"elementor elementor-2008\" data-elementor-post-type=\"page\">\n\t\t\t\t\t\t<section class=\"elementor-section elementor-top-section elementor-element elementor-element-82bd17f elementor-section-boxed elementor-section-height-default elementor-section-height-default\" data-id=\"82bd17f\" data-element_type=\"section\" data-e-type=\"section\">\n\t\t\t\t\t\t<div class=\"elementor-container elementor-column-gap-default\">\n\t\t\t\t\t<div class=\"elementor-column elementor-col-100 elementor-top-column elementor-element elementor-element-dfbdf6c\" data-id=\"dfbdf6c\" data-element_type=\"column\" data-e-type=\"column\">\n\t\t\t<div class=\"elementor-widget-wrap elementor-element-populated\">\n\t\t\t\t\t\t<div class=\"elementor-element elementor-element-aa0f15e elementor-widget elementor-widget-spacer\" data-id=\"aa0f15e\" data-element_type=\"widget\" data-e-type=\"widget\" data-widget_type=\"spacer.default\">\n\t\t\t\t<div class=\"elementor-widget-container\">\n\t\t\t\t\t\t\t<div class=\"elementor-spacer\">\n\t\t\t<div class=\"elementor-spacer-inner\"><\/div>\n\t\t<\/div>\n\t\t\t\t\t\t<\/div>\n\t\t\t\t<\/div>\n\t\t\t\t\t<\/div>\n\t\t<\/div>\n\t\t\t\t\t<\/div>\n\t\t<\/section>\n\t\t\t\t<section class=\"elementor-section elementor-top-section elementor-element elementor-element-20eef16e elementor-section-boxed elementor-section-height-default elementor-section-height-default\" data-id=\"20eef16e\" data-element_type=\"section\" data-e-type=\"section\" data-settings=\"{&quot;background_background&quot;:&quot;classic&quot;,&quot;shape_divider_bottom&quot;:&quot;opacity-tilt&quot;,&quot;shape_divider_top&quot;:&quot;opacity-tilt&quot;}\">\n\t\t\t\t\t\t\t<div class=\"elementor-background-overlay\"><\/div>\n\t\t\t\t\t\t<div class=\"elementor-shape elementor-shape-top\" aria-hidden=\"true\" data-negative=\"false\">\n\t\t\t<svg xmlns=\"http:\/\/www.w3.org\/2000\/svg\" viewbox=\"0 0 2600 131.1\" preserveaspectratio=\"none\">\n\t<path class=\"elementor-shape-fill\" d=\"M0 0L2600 0 2600 69.1 0 0z\"\/>\n\t<path class=\"elementor-shape-fill\" style=\"opacity:0.5\" d=\"M0 0L2600 0 2600 69.1 0 69.1z\"\/>\n\t<path class=\"elementor-shape-fill\" style=\"opacity:0.25\" d=\"M2600 0L0 0 0 130.1 2600 69.1z\"\/>\n<\/svg>\t\t<\/div>\n\t\t\t\t<div class=\"elementor-shape elementor-shape-bottom\" aria-hidden=\"true\" data-negative=\"false\">\n\t\t\t<svg xmlns=\"http:\/\/www.w3.org\/2000\/svg\" viewbox=\"0 0 2600 131.1\" preserveaspectratio=\"none\">\n\t<path class=\"elementor-shape-fill\" d=\"M0 0L2600 0 2600 69.1 0 0z\"\/>\n\t<path class=\"elementor-shape-fill\" style=\"opacity:0.5\" d=\"M0 0L2600 0 2600 69.1 0 69.1z\"\/>\n\t<path class=\"elementor-shape-fill\" style=\"opacity:0.25\" d=\"M2600 0L0 0 0 130.1 2600 69.1z\"\/>\n<\/svg>\t\t<\/div>\n\t\t\t\t\t<div class=\"elementor-container elementor-column-gap-default\">\n\t\t\t\t\t<div class=\"elementor-column elementor-col-100 elementor-top-column elementor-element elementor-element-360b477d\" data-id=\"360b477d\" data-element_type=\"column\" data-e-type=\"column\">\n\t\t\t<div class=\"elementor-widget-wrap elementor-element-populated\">\n\t\t\t\t\t\t<div class=\"elementor-element elementor-element-54d2937d elementor-absolute elementor-widget elementor-widget-heading\" data-id=\"54d2937d\" data-element_type=\"widget\" data-e-type=\"widget\" data-settings=\"{&quot;_position&quot;:&quot;absolute&quot;}\" data-widget_type=\"heading.default\">\n\t\t\t\t<div class=\"elementor-widget-container\">\n\t\t\t\t\t<h2 class=\"elementor-heading-title elementor-size-large\">Holding Plate Attachment Magnets<\/h2>\t\t\t\t<\/div>\n\t\t\t\t<\/div>\n\t\t\t\t\t<\/div>\n\t\t<\/div>\n\t\t\t\t\t<\/div>\n\t\t<\/section>\n\t\t\t\t<section class=\"elementor-section elementor-top-section elementor-element elementor-element-1b50baf2 elementor-section-height-min-height elementor-section-content-middle elementor-reverse-mobile elementor-section-boxed elementor-section-height-default elementor-section-items-middle\" data-id=\"1b50baf2\" data-element_type=\"section\" data-e-type=\"section\" data-settings=\"{&quot;background_background&quot;:&quot;classic&quot;}\">\n\t\t\t\t\t\t<div class=\"elementor-container elementor-column-gap-no\">\n\t\t\t\t\t<div class=\"elementor-column elementor-col-50 elementor-top-column elementor-element elementor-element-1d9879ba\" data-id=\"1d9879ba\" data-element_type=\"column\" data-e-type=\"column\">\n\t\t\t<div class=\"elementor-widget-wrap elementor-element-populated\">\n\t\t\t\t\t\t<div class=\"elementor-element elementor-element-76a54233 elementor-widget elementor-widget-heading\" data-id=\"76a54233\" data-element_type=\"widget\" data-e-type=\"widget\" data-widget_type=\"heading.default\">\n\t\t\t\t<div class=\"elementor-widget-container\">\n\t\t\t\t\t<h2 class=\"elementor-heading-title elementor-size-default\">Holding Plate Attachment Magnets<\/h2>\t\t\t\t<\/div>\n\t\t\t\t<\/div>\n\t\t\t\t<div class=\"elementor-element elementor-element-7330d339 elementor-widget elementor-widget-text-editor\" data-id=\"7330d339\" data-element_type=\"widget\" data-e-type=\"widget\" data-widget_type=\"text-editor.default\">\n\t\t\t\t<div class=\"elementor-widget-container\">\n\t\t\t\t\t\t\t\t\t<ul><li>Available in different shapes and sizer for all holding plate models<\/li><\/ul>\t\t\t\t\t\t\t\t<\/div>\n\t\t\t\t<\/div>\n\t\t\t\t<div class=\"elementor-element elementor-element-284b722f elementor-align-justify elementor-mobile-align-center elementor-widget elementor-widget-button\" data-id=\"284b722f\" data-element_type=\"widget\" data-e-type=\"widget\" data-widget_type=\"button.default\">\n\t\t\t\t<div class=\"elementor-widget-container\">\n\t\t\t\t\t\t\t\t\t<div class=\"elementor-button-wrapper\">\n\t\t\t\t\t<a class=\"elementor-button elementor-button-link elementor-size-sm elementor-animation-grow\" href=\"https:\/\/teras-kari.ficontact\/\">\n\t\t\t\t\t\t<span class=\"elementor-button-content-wrapper\">\n\t\t\t\t\t\t\t\t\t<span class=\"elementor-button-text\">See More<\/span>\n\t\t\t\t\t<\/span>\n\t\t\t\t\t<\/a>\n\t\t\t\t<\/div>\n\t\t\t\t\t\t\t\t<\/div>\n\t\t\t\t<\/div>\n\t\t\t\t\t<\/div>\n\t\t<\/div>\n\t\t\t\t<div class=\"elementor-column elementor-col-50 elementor-top-column elementor-element elementor-element-798c8683\" data-id=\"798c8683\" data-element_type=\"column\" data-e-type=\"column\">\n\t\t\t<div class=\"elementor-widget-wrap elementor-element-populated\">\n\t\t\t\t\t\t<div class=\"elementor-element elementor-element-35139bcd elementor-absolute elementor-widget elementor-widget-image\" data-id=\"35139bcd\" data-element_type=\"widget\" data-e-type=\"widget\" data-settings=\"{&quot;_position&quot;:&quot;absolute&quot;}\" data-widget_type=\"image.default\">\n\t\t\t\t<div class=\"elementor-widget-container\">\n\t\t\t\t\t\t\t\t\t\t\t\t\t\t\t<img fetchpriority=\"high\" decoding=\"async\" width=\"1800\" height=\"1012\" src=\"https:\/\/teras-kari.fi\/wp-content\/uploads\/2020\/03\/tartuntalevy2.png\" class=\"attachment-full size-full wp-image-2092\" alt=\"\" srcset=\"https:\/\/teras-kari.fi\/wp-content\/uploads\/2020\/03\/tartuntalevy2.png 1800w, https:\/\/teras-kari.fi\/wp-content\/uploads\/2020\/03\/tartuntalevy2-300x169.png 300w, https:\/\/teras-kari.fi\/wp-content\/uploads\/2020\/03\/tartuntalevy2-1024x576.png 1024w, https:\/\/teras-kari.fi\/wp-content\/uploads\/2020\/03\/tartuntalevy2-768x432.png 768w, https:\/\/teras-kari.fi\/wp-content\/uploads\/2020\/03\/tartuntalevy2-1536x864.png 1536w\" sizes=\"(max-width: 1800px) 100vw, 1800px\" \/>\t\t\t\t\t\t\t\t\t\t\t\t\t\t\t<\/div>\n\t\t\t\t<\/div>\n\t\t\t\t\t<\/div>\n\t\t<\/div>\n\t\t\t\t\t<\/div>\n\t\t<\/section>\n\t\t\t\t<section class=\"elementor-section elementor-top-section elementor-element elementor-element-3466ba7f elementor-section-height-min-height elementor-section-content-middle elementor-reverse-mobile elementor-section-boxed elementor-section-height-default elementor-section-items-middle\" data-id=\"3466ba7f\" data-element_type=\"section\" data-e-type=\"section\" data-settings=\"{&quot;background_background&quot;:&quot;classic&quot;}\">\n\t\t\t\t\t\t<div class=\"elementor-container elementor-column-gap-no\">\n\t\t\t\t\t<div class=\"elementor-column elementor-col-50 elementor-top-column elementor-element elementor-element-38d83940\" data-id=\"38d83940\" data-element_type=\"column\" data-e-type=\"column\">\n\t\t\t<div class=\"elementor-widget-wrap elementor-element-populated\">\n\t\t\t\t\t\t<div class=\"elementor-element elementor-element-6ead980f elementor-widget elementor-widget-heading\" data-id=\"6ead980f\" data-element_type=\"widget\" data-e-type=\"widget\" data-widget_type=\"heading.default\">\n\t\t\t\t<div class=\"elementor-widget-container\">\n\t\t\t\t\t<h2 class=\"elementor-heading-title elementor-size-default\">Wire Loop Box Magnets<\/h2>\t\t\t\t<\/div>\n\t\t\t\t<\/div>\n\t\t\t\t<div class=\"elementor-element elementor-element-12b3cfb8 elementor-widget elementor-widget-text-editor\" data-id=\"12b3cfb8\" data-element_type=\"widget\" data-e-type=\"widget\" data-widget_type=\"text-editor.default\">\n\t\t\t\t<div class=\"elementor-widget-container\">\n\t\t\t\t\t\t\t\t\t<ul><li>Magnets for wire loop box attachment<\/li><li>Multiple Models<\/li><\/ul>\t\t\t\t\t\t\t\t<\/div>\n\t\t\t\t<\/div>\n\t\t\t\t<div class=\"elementor-element elementor-element-30435954 elementor-align-justify elementor-mobile-align-center elementor-widget elementor-widget-button\" data-id=\"30435954\" data-element_type=\"widget\" data-e-type=\"widget\" data-widget_type=\"button.default\">\n\t\t\t\t<div class=\"elementor-widget-container\">\n\t\t\t\t\t\t\t\t\t<div class=\"elementor-button-wrapper\">\n\t\t\t\t\t<a class=\"elementor-button elementor-button-link elementor-size-sm elementor-animation-grow\" href=\"https:\/\/teras-kari.ficontact\/\">\n\t\t\t\t\t\t<span class=\"elementor-button-content-wrapper\">\n\t\t\t\t\t\t\t\t\t<span class=\"elementor-button-text\">Ask More<\/span>\n\t\t\t\t\t<\/span>\n\t\t\t\t\t<\/a>\n\t\t\t\t<\/div>\n\t\t\t\t\t\t\t\t<\/div>\n\t\t\t\t<\/div>\n\t\t\t\t\t<\/div>\n\t\t<\/div>\n\t\t\t\t<div class=\"elementor-column elementor-col-50 elementor-top-column elementor-element elementor-element-59cc866e\" data-id=\"59cc866e\" data-element_type=\"column\" data-e-type=\"column\">\n\t\t\t<div class=\"elementor-widget-wrap elementor-element-populated\">\n\t\t\t\t\t\t<div class=\"elementor-element elementor-element-9096093 elementor-absolute elementor-widget elementor-widget-image\" data-id=\"9096093\" data-element_type=\"widget\" data-e-type=\"widget\" data-settings=\"{&quot;_position&quot;:&quot;absolute&quot;}\" data-widget_type=\"image.default\">\n\t\t\t\t<div class=\"elementor-widget-container\">\n\t\t\t\t\t\t\t\t\t\t\t\t\t\t\t<img decoding=\"async\" width=\"1800\" height=\"1012\" src=\"https:\/\/teras-kari.fi\/wp-content\/uploads\/2020\/03\/vraytartuntauusi22.png\" class=\"attachment-full size-full wp-image-2044\" alt=\"\" srcset=\"https:\/\/teras-kari.fi\/wp-content\/uploads\/2020\/03\/vraytartuntauusi22.png 1800w, https:\/\/teras-kari.fi\/wp-content\/uploads\/2020\/03\/vraytartuntauusi22-300x169.png 300w, https:\/\/teras-kari.fi\/wp-content\/uploads\/2020\/03\/vraytartuntauusi22-1024x576.png 1024w, https:\/\/teras-kari.fi\/wp-content\/uploads\/2020\/03\/vraytartuntauusi22-768x432.png 768w, https:\/\/teras-kari.fi\/wp-content\/uploads\/2020\/03\/vraytartuntauusi22-1536x864.png 1536w\" sizes=\"(max-width: 1800px) 100vw, 1800px\" \/>\t\t\t\t\t\t\t\t\t\t\t\t\t\t\t<\/div>\n\t\t\t\t<\/div>\n\t\t\t\t<div class=\"elementor-element elementor-element-e0e462b elementor-absolute elementor-widget elementor-widget-image\" data-id=\"e0e462b\" data-element_type=\"widget\" data-e-type=\"widget\" data-settings=\"{&quot;_position&quot;:&quot;absolute&quot;}\" data-widget_type=\"image.default\">\n\t\t\t\t<div class=\"elementor-widget-container\">\n\t\t\t\t\t\t\t\t\t\t\t\t\t\t\t<img decoding=\"async\" width=\"300\" height=\"169\" src=\"https:\/\/teras-kari.fi\/wp-content\/uploads\/2020\/03\/kumivaijerilenkkki-300x169.png\" class=\"attachment-medium size-medium wp-image-2100\" alt=\"\" srcset=\"https:\/\/teras-kari.fi\/wp-content\/uploads\/2020\/03\/kumivaijerilenkkki-300x169.png 300w, https:\/\/teras-kari.fi\/wp-content\/uploads\/2020\/03\/kumivaijerilenkkki-1024x576.png 1024w, https:\/\/teras-kari.fi\/wp-content\/uploads\/2020\/03\/kumivaijerilenkkki-768x432.png 768w, https:\/\/teras-kari.fi\/wp-content\/uploads\/2020\/03\/kumivaijerilenkkki-1536x864.png 1536w, https:\/\/teras-kari.fi\/wp-content\/uploads\/2020\/03\/kumivaijerilenkkki.png 1800w\" sizes=\"(max-width: 300px) 100vw, 300px\" \/>\t\t\t\t\t\t\t\t\t\t\t\t\t\t\t<\/div>\n\t\t\t\t<\/div>\n\t\t\t\t\t<\/div>\n\t\t<\/div>\n\t\t\t\t\t<\/div>\n\t\t<\/section>\n\t\t\t\t<section class=\"elementor-section elementor-top-section elementor-element elementor-element-e76c86d elementor-section-boxed elementor-section-height-default elementor-section-height-default\" data-id=\"e76c86d\" data-element_type=\"section\" data-e-type=\"section\">\n\t\t\t\t\t\t<div class=\"elementor-container elementor-column-gap-default\">\n\t\t\t\t\t<div class=\"elementor-column elementor-col-100 elementor-top-column elementor-element elementor-element-f6f8b82\" data-id=\"f6f8b82\" data-element_type=\"column\" data-e-type=\"column\">\n\t\t\t<div class=\"elementor-widget-wrap elementor-element-populated\">\n\t\t\t\t\t\t<div class=\"elementor-element elementor-element-be90215 elementor-widget__width-initial elementor-absolute elementor-widget elementor-widget-image\" data-id=\"be90215\" data-element_type=\"widget\" data-e-type=\"widget\" data-settings=\"{&quot;_position&quot;:&quot;absolute&quot;}\" data-widget_type=\"image.default\">\n\t\t\t\t<div class=\"elementor-widget-container\">\n\t\t\t\t\t\t\t\t\t\t\t\t\t\t\t<img loading=\"lazy\" decoding=\"async\" width=\"768\" height=\"432\" src=\"https:\/\/teras-kari.fi\/wp-content\/uploads\/2020\/03\/vraytartuntauusi-768x432.png\" class=\"attachment-medium_large size-medium_large wp-image-2042\" alt=\"\" srcset=\"https:\/\/teras-kari.fi\/wp-content\/uploads\/2020\/03\/vraytartuntauusi-768x432.png 768w, https:\/\/teras-kari.fi\/wp-content\/uploads\/2020\/03\/vraytartuntauusi-300x169.png 300w, https:\/\/teras-kari.fi\/wp-content\/uploads\/2020\/03\/vraytartuntauusi-1024x576.png 1024w, https:\/\/teras-kari.fi\/wp-content\/uploads\/2020\/03\/vraytartuntauusi-1536x864.png 1536w, https:\/\/teras-kari.fi\/wp-content\/uploads\/2020\/03\/vraytartuntauusi.png 1800w\" sizes=\"(max-width: 768px) 100vw, 768px\" \/>\t\t\t\t\t\t\t\t\t\t\t\t\t\t\t<\/div>\n\t\t\t\t<\/div>\n\t\t\t\t\t<\/div>\n\t\t<\/div>\n\t\t\t\t\t<\/div>\n\t\t<\/section>\n\t\t\t\t<\/div>","protected":false},"excerpt":{"rendered":"<p>Tartuntalevyn Kiinnitysmagneetit Tartuntalevyn kiinnitysmagneetti Erikokoisia &#8211; ja muotoisia magneetteja kaikille tartuntalevymalleille Katso lis\u00e4\u00e4 Vaijerilenkkikotelon Kiinnitysmagneetti Magneetti vaijerilenkkikotelon kiinnitt\u00e4mist\u00e4 varten Useita malleja Kysy lis\u00e4\u00e4<\/p>","protected":false},"author":1,"featured_media":0,"parent":0,"menu_order":0,"comment_status":"closed","ping_status":"closed","template":"","meta":{"footnotes":""},"class_list":["post-2008","page","type-page","status-publish","hentry","entry"],"yoast_head":"<!-- This site is optimized with the Yoast SEO plugin v27.5 - https:\/\/yoast.com\/product\/yoast-seo-wordpress\/ -->\n<title>Tartuntalevyn Kiinnitysmagneetit - Ter\u00e4s-Kari<\/title>\n<meta name=\"description\" content=\"Ter\u00e4s-Kari\" \/>\n<meta name=\"robots\" content=\"index, follow, max-snippet:-1, max-image-preview:large, max-video-preview:-1\" \/>\n<link rel=\"canonical\" href=\"https:\/\/teras-kari.fi\/en\/tartuntalevyn-kiinnitysmagneetit\/\" \/>\n<meta property=\"og:locale\" content=\"en_GB\" \/>\n<meta property=\"og:type\" content=\"article\" \/>\n<meta property=\"og:title\" content=\"Tartuntalevyn Kiinnitysmagneetit - Ter\u00e4s-Kari\" \/>\n<meta property=\"og:description\" content=\"Ter\u00e4s-Kari\" \/>\n<meta property=\"og:url\" content=\"https:\/\/teras-kari.fi\/en\/tartuntalevyn-kiinnitysmagneetit\/\" \/>\n<meta property=\"og:site_name\" content=\"Ter\u00e4s-Kari\" \/>\n<meta property=\"article:modified_time\" content=\"2020-10-05T06:31:51+00:00\" \/>\n<meta property=\"og:image\" content=\"https:\/\/teras-kari.fi\/wp-content\/uploads\/2020\/03\/tartuntalevy2.png\" \/>\n<meta name=\"twitter:card\" content=\"summary_large_image\" \/>\n<script type=\"application\/ld+json\" class=\"yoast-schema-graph\">{\"@context\":\"https:\\\/\\\/schema.org\",\"@graph\":[{\"@type\":\"WebPage\",\"@id\":\"https:\\\/\\\/teras-kari.fi\\\/tartuntalevyn-kiinnitysmagneetit\\\/\",\"url\":\"https:\\\/\\\/teras-kari.fi\\\/tartuntalevyn-kiinnitysmagneetit\\\/\",\"name\":\"Tartuntalevyn Kiinnitysmagneetit - Ter\u00e4s-Kari\",\"isPartOf\":{\"@id\":\"https:\\\/\\\/teras-kari.fi\\\/#website\"},\"primaryImageOfPage\":{\"@id\":\"https:\\\/\\\/teras-kari.fi\\\/tartuntalevyn-kiinnitysmagneetit\\\/#primaryimage\"},\"image\":{\"@id\":\"https:\\\/\\\/teras-kari.fi\\\/tartuntalevyn-kiinnitysmagneetit\\\/#primaryimage\"},\"thumbnailUrl\":\"https:\\\/\\\/teras-kari.fi\\\/wp-content\\\/uploads\\\/2020\\\/03\\\/tartuntalevy2.png\",\"datePublished\":\"2020-02-27T12:58:30+00:00\",\"dateModified\":\"2020-10-05T06:31:51+00:00\",\"description\":\"Ter\u00e4s-Kari\",\"breadcrumb\":{\"@id\":\"https:\\\/\\\/teras-kari.fi\\\/tartuntalevyn-kiinnitysmagneetit\\\/#breadcrumb\"},\"inLanguage\":\"en-GB\",\"potentialAction\":[{\"@type\":\"ReadAction\",\"target\":[\"https:\\\/\\\/teras-kari.fi\\\/tartuntalevyn-kiinnitysmagneetit\\\/\"]}]},{\"@type\":\"ImageObject\",\"inLanguage\":\"en-GB\",\"@id\":\"https:\\\/\\\/teras-kari.fi\\\/tartuntalevyn-kiinnitysmagneetit\\\/#primaryimage\",\"url\":\"https:\\\/\\\/teras-kari.fi\\\/wp-content\\\/uploads\\\/2020\\\/03\\\/tartuntalevy2.png\",\"contentUrl\":\"https:\\\/\\\/teras-kari.fi\\\/wp-content\\\/uploads\\\/2020\\\/03\\\/tartuntalevy2.png\"},{\"@type\":\"BreadcrumbList\",\"@id\":\"https:\\\/\\\/teras-kari.fi\\\/tartuntalevyn-kiinnitysmagneetit\\\/#breadcrumb\",\"itemListElement\":[{\"@type\":\"ListItem\",\"position\":1,\"name\":\"Home\",\"item\":\"https:\\\/\\\/teras-kari.fi\\\/\"},{\"@type\":\"ListItem\",\"position\":2,\"name\":\"Tartuntalevyn Kiinnitysmagneetit\"}]},{\"@type\":\"WebSite\",\"@id\":\"https:\\\/\\\/teras-kari.fi\\\/#website\",\"url\":\"https:\\\/\\\/teras-kari.fi\\\/\",\"name\":\"Ter\u00e4s-Kari\",\"description\":\"Magnets for concrete element production and more!\",\"publisher\":{\"@id\":\"https:\\\/\\\/teras-kari.fi\\\/#organization\"},\"potentialAction\":[{\"@type\":\"SearchAction\",\"target\":{\"@type\":\"EntryPoint\",\"urlTemplate\":\"https:\\\/\\\/teras-kari.fi\\\/?s={search_term_string}\"},\"query-input\":{\"@type\":\"PropertyValueSpecification\",\"valueRequired\":true,\"valueName\":\"search_term_string\"}}],\"inLanguage\":\"en-GB\"},{\"@type\":\"Organization\",\"@id\":\"https:\\\/\\\/teras-kari.fi\\\/#organization\",\"name\":\"Ter\u00e4s-Kari\",\"url\":\"https:\\\/\\\/teras-kari.fi\\\/\",\"logo\":{\"@type\":\"ImageObject\",\"inLanguage\":\"en-GB\",\"@id\":\"https:\\\/\\\/teras-kari.fi\\\/#\\\/schema\\\/logo\\\/image\\\/\",\"url\":\"https:\\\/\\\/teras-kari.fi\\\/wp-content\\\/uploads\\\/2019\\\/10\\\/TerasKari_logo_yellow_rgb-e1571741052106.png\",\"contentUrl\":\"https:\\\/\\\/teras-kari.fi\\\/wp-content\\\/uploads\\\/2019\\\/10\\\/TerasKari_logo_yellow_rgb-e1571741052106.png\",\"width\":4253,\"height\":1434,\"caption\":\"Ter\u00e4s-Kari\"},\"image\":{\"@id\":\"https:\\\/\\\/teras-kari.fi\\\/#\\\/schema\\\/logo\\\/image\\\/\"}}]}<\/script>\n<!-- \/ Yoast SEO plugin. -->","yoast_head_json":{"title":"Tartuntalevyn Kiinnitysmagneetit - Ter\u00e4s-Kari","description":"Ter\u00e4s-Kari","robots":{"index":"index","follow":"follow","max-snippet":"max-snippet:-1","max-image-preview":"max-image-preview:large","max-video-preview":"max-video-preview:-1"},"canonical":"https:\/\/teras-kari.fi\/en\/tartuntalevyn-kiinnitysmagneetit\/","og_locale":"en_GB","og_type":"article","og_title":"Tartuntalevyn Kiinnitysmagneetit - Ter\u00e4s-Kari","og_description":"Ter\u00e4s-Kari","og_url":"https:\/\/teras-kari.fi\/en\/tartuntalevyn-kiinnitysmagneetit\/","og_site_name":"Ter\u00e4s-Kari","article_modified_time":"2020-10-05T06:31:51+00:00","og_image":[{"url":"https:\/\/teras-kari.fi\/wp-content\/uploads\/2020\/03\/tartuntalevy2.png","type":"","width":"","height":""}],"twitter_card":"summary_large_image","schema":{"@context":"https:\/\/schema.org","@graph":[{"@type":"WebPage","@id":"https:\/\/teras-kari.fi\/tartuntalevyn-kiinnitysmagneetit\/","url":"https:\/\/teras-kari.fi\/tartuntalevyn-kiinnitysmagneetit\/","name":"Tartuntalevyn Kiinnitysmagneetit - Ter\u00e4s-Kari","isPartOf":{"@id":"https:\/\/teras-kari.fi\/#website"},"primaryImageOfPage":{"@id":"https:\/\/teras-kari.fi\/tartuntalevyn-kiinnitysmagneetit\/#primaryimage"},"image":{"@id":"https:\/\/teras-kari.fi\/tartuntalevyn-kiinnitysmagneetit\/#primaryimage"},"thumbnailUrl":"https:\/\/teras-kari.fi\/wp-content\/uploads\/2020\/03\/tartuntalevy2.png","datePublished":"2020-02-27T12:58:30+00:00","dateModified":"2020-10-05T06:31:51+00:00","description":"Ter\u00e4s-Kari","breadcrumb":{"@id":"https:\/\/teras-kari.fi\/tartuntalevyn-kiinnitysmagneetit\/#breadcrumb"},"inLanguage":"en-GB","potentialAction":[{"@type":"ReadAction","target":["https:\/\/teras-kari.fi\/tartuntalevyn-kiinnitysmagneetit\/"]}]},{"@type":"ImageObject","inLanguage":"en-GB","@id":"https:\/\/teras-kari.fi\/tartuntalevyn-kiinnitysmagneetit\/#primaryimage","url":"https:\/\/teras-kari.fi\/wp-content\/uploads\/2020\/03\/tartuntalevy2.png","contentUrl":"https:\/\/teras-kari.fi\/wp-content\/uploads\/2020\/03\/tartuntalevy2.png"},{"@type":"BreadcrumbList","@id":"https:\/\/teras-kari.fi\/tartuntalevyn-kiinnitysmagneetit\/#breadcrumb","itemListElement":[{"@type":"ListItem","position":1,"name":"Home","item":"https:\/\/teras-kari.fi\/"},{"@type":"ListItem","position":2,"name":"Tartuntalevyn Kiinnitysmagneetit"}]},{"@type":"WebSite","@id":"https:\/\/teras-kari.fi\/#website","url":"https:\/\/teras-kari.fi\/","name":"Ter\u00e4s-Kari","description":"Magnets for concrete element production and more!","publisher":{"@id":"https:\/\/teras-kari.fi\/#organization"},"potentialAction":[{"@type":"SearchAction","target":{"@type":"EntryPoint","urlTemplate":"https:\/\/teras-kari.fi\/?s={search_term_string}"},"query-input":{"@type":"PropertyValueSpecification","valueRequired":true,"valueName":"search_term_string"}}],"inLanguage":"en-GB"},{"@type":"Organization","@id":"https:\/\/teras-kari.fi\/#organization","name":"Ter\u00e4s-Kari","url":"https:\/\/teras-kari.fi\/","logo":{"@type":"ImageObject","inLanguage":"en-GB","@id":"https:\/\/teras-kari.fi\/#\/schema\/logo\/image\/","url":"https:\/\/teras-kari.fi\/wp-content\/uploads\/2019\/10\/TerasKari_logo_yellow_rgb-e1571741052106.png","contentUrl":"https:\/\/teras-kari.fi\/wp-content\/uploads\/2019\/10\/TerasKari_logo_yellow_rgb-e1571741052106.png","width":4253,"height":1434,"caption":"Ter\u00e4s-Kari"},"image":{"@id":"https:\/\/teras-kari.fi\/#\/schema\/logo\/image\/"}}]}},"_links":{"self":[{"href":"https:\/\/teras-kari.fi\/en\/wp-json\/wp\/v2\/pages\/2008","targetHints":{"allow":["GET"]}}],"collection":[{"href":"https:\/\/teras-kari.fi\/en\/wp-json\/wp\/v2\/pages"}],"about":[{"href":"https:\/\/teras-kari.fi\/en\/wp-json\/wp\/v2\/types\/page"}],"author":[{"embeddable":true,"href":"https:\/\/teras-kari.fi\/en\/wp-json\/wp\/v2\/users\/1"}],"replies":[{"embeddable":true,"href":"https:\/\/teras-kari.fi\/en\/wp-json\/wp\/v2\/comments?post=2008"}],"version-history":[{"count":16,"href":"https:\/\/teras-kari.fi\/en\/wp-json\/wp\/v2\/pages\/2008\/revisions"}],"predecessor-version":[{"id":2747,"href":"https:\/\/teras-kari.fi\/en\/wp-json\/wp\/v2\/pages\/2008\/revisions\/2747"}],"wp:attachment":[{"href":"https:\/\/teras-kari.fi\/en\/wp-json\/wp\/v2\/media?parent=2008"}],"curies":[{"name":"wp","href":"https:\/\/api.w.org\/{rel}","templated":true}]}}